{"id":7552,"date":"2024-10-27T22:28:19","date_gmt":"2024-10-27T21:28:19","guid":{"rendered":"https:\/\/whisky-francais.com\/?page_id=7552"},"modified":"2025-09-25T09:26:22","modified_gmt":"2025-09-25T07:26:22","slug":"distillerie-du-sonneur","status":"publish","type":"page","link":"https:\/\/whisky-francais.com\/index.php\/distillerie-du-sonneur\/","title":{"rendered":"Distillerie du Sonneur (ferm\u00e9e)"},"content":{"rendered":"\n\n\n<p>\u00a0<\/p>\n<p>C\u2019est dans le centre-ville du Mans, dans une ancienne salle de bal des ann\u00e9es 20, que se tenait la Distillerie du Sonneur. Adoss\u00e9 \u00e0 cinq hectares de vergers en agroforesterie et agriculture biologique situ\u00e9s \u00e0 S\u00e9gri\u00e9 (\u00e0 une trentaine de kilom\u00e8tres du Mans), la distillerie participait \u00e0 la pr\u00e9servation du crapaud sonneur \u00e0 ventre jaune !<\/p>\n<table width=\"595\">\n<tbody>\n<tr>\n<td width=\"180\">\n<p>Statut<\/p>\n<\/td>\n<td width=\"415\">\n<p>Productive.<\/p>\n<\/td>\n<\/tr>\n<tr>\n<td width=\"180\">\n<p>Localisation<\/p>\n<\/td>\n<td width=\"415\">\n<p>7 Rue du Vert Galant, 72000 Le Mans<\/p>\n<\/td>\n<\/tr>\n<tr>\n<td width=\"180\">\n<p>Volume de Production<\/p>\n<\/td>\n<td width=\"415\">\n<p>1 f\u00fbt par an<\/p>\n<\/td>\n<\/tr>\n<tr>\n<td width=\"180\">\n<p>Dates Cl\u00e9s<\/p>\n<\/td>\n<td width=\"415\">\n<p>2014\u00a0: Alors propri\u00e9taire d\u2019un restaurant proposant une cinquantaine d\u2019eau de vie \u00e0 la carte, Emmanuel Viton d\u00e9cide de cr\u00e9er une distillerie associative dans l\u2019arri\u00e8re-cour du restaurant. Muni d\u2019un alambic de 80 litres, il se lance dans la production de ses propres eaux-de-vie.<\/p>\n<p>Juin 2019\u00a0: Ouverture de la distillerie du Sonneur<\/p>\n<p>Septembre 2025 : La situation \u00e9conomique contraint la distillerie \u00e0 fermer d\u00e9finitivement ses portes.\u00a0<\/p>\n<\/td>\n<\/tr>\n<tr>\n<td width=\"180\">\n<p>Personnages Cl\u00e9s<\/p>\n<\/td>\n<td width=\"415\">\n<p>Emmanuel Viton\u00a0: Fondateur, agriculteur, distillateur.<\/p>\n<p>Claire Peuvion : Responsable tourisme et communication<\/p>\n<p>Et deux apprentis sur les postes de commerciaux et communication digitale.<\/p>\n<\/td>\n<\/tr>\n<tr>\n<td width=\"180\">\n<p>Gamme<\/p>\n<\/td>\n<td width=\"415\">\n<p>La Distillerie du Sonneur proposait une large gamme d\u2019eau-de-vie, \u00e0 ce jour un seul whisky a \u00e9t\u00e9 embouteill\u00e9, il s\u2019agit d\u2019un single malt \u00e9lev\u00e9 en f\u00fbt de Jasni\u00e8res.<\/p>\n<blockquote>\n<p>Distillerie du Sonneur Single Malt \u2013 Cuv\u00e9e ambassadeurs N\u00b01<\/p>\n<p><strong>Nez :<\/strong> Ar\u00f4mes expressifs de fruits blancs accompagn\u00e9es de touches de miel d&rsquo;acacia et de r\u00e9sine. En \u00e9voluant, des notes de coing apparaissent, accompagn\u00e9es d&rsquo;une subtile dimension florale, rappelant l\u2019aub\u00e9pine.<\/p>\n<p><strong>Bouche :<\/strong> L&rsquo;attaque est ample et g\u00e9n\u00e9reuse, domin\u00e9e par des saveurs de fruits confits et exotiques. Une belle min\u00e9ralit\u00e9 vient \u00e9quilibrer l&rsquo;ensemble, compl\u00e9t\u00e9e par des nuances de frangipane et de malt humide doubl\u00e9 d\u2019\u00e9pices douces (cannelle)<\/p>\n<p><strong>Finale :<\/strong> Longue et persistante, elle s\u2019ach\u00e8ve sur des saveurs de raisin blanc bien m\u00fbr, de caramel grill\u00e9, de s\u00e8ve et de silex.<\/p>\n<\/blockquote>\n<p>Les autres f\u00fbts, contenant notamment du whisky tourb\u00e9e et du whisky de seigle on \u00e9t\u00e9 vendu lors de la liquidation.<\/p>\n<\/td>\n<\/tr>\n<tr>\n<td width=\"180\">\n<p>Eau<\/p>\n<\/td>\n<td width=\"415\">\u00a0<\/td>\n<\/tr>\n<tr>\n<td width=\"180\">\n<p>C\u00e9r\u00e9ale(s)<\/p>\n<\/td>\n<td width=\"415\">\n<p>Orge locale<\/p>\n<p>Orge tourb\u00e9e import\u00e9e<\/p>\n<p>Seigle local.<\/p>\n<\/td>\n<\/tr>\n<tr>\n<td width=\"180\">\n<p>Maltage<\/p>\n<\/td>\n<td width=\"415\">\u00a0<\/td>\n<\/tr>\n<tr>\n<td width=\"180\">\n<p>Fermentation\/Levures<\/p>\n<\/td>\n<td width=\"415\">\n<p>Le brassage etait g\u00e9r\u00e9 par la Ferme Brasserie Blossier (Connu pour les Sarth&rsquo;voise, une belle gamme de bi\u00e8res bio)<\/p>\n<\/td>\n<\/tr>\n<tr>\n<td width=\"180\">\n<p>Alambics<\/p>\n<\/td>\n<td width=\"415\">\n<p>Holstein de 200 Litres chauff\u00e9 au Gaz.<\/p>\n<\/td>\n<\/tr>\n<tr>\n<td width=\"180\">\n<p>Distillation<\/p>\n<\/td>\n<td width=\"415\">\n<p>Distillation sur lie en une passe pour atteindre un degr\u00e9 de coulage autour des 80%. Le distillat est ensuite r\u00e9duit pour \u00eatre enfut\u00e9 a 65%.<\/p>\n<\/td>\n<\/tr>\n<tr>\n<td width=\"180\">\n<p>Type de chai<\/p>\n<\/td>\n<td width=\"415\">\n<p>Non r\u00e9gul\u00e9, humide.<\/p>\n<\/td>\n<\/tr>\n<tr>\n<td width=\"180\">\n<p>F\u00fbt(s)<\/p>\n<\/td>\n<td width=\"415\">\n<p>La distillerie avait pour projet de fabriquer ses propres barriques en ch\u00eane sarthois. Les f\u00fbts devaient ensuite faire du Jasni\u00e8res avant d\u2019accueillir le distillat.<\/p>\n<\/td>\n<\/tr>\n<tr>\n<td width=\"180\">\n<p>Donn\u00e9es Territoriales<\/p>\n<\/td>\n<td width=\"415\">\n<p>\u00a0<\/p>\n<\/td>\n<\/tr>\n<tr>\n<td width=\"180\">\n<p>Notes<\/p>\n<\/td>\n<td width=\"415\">\n<p>\u00a0<\/p>\n<\/td>\n<\/tr>\n<tr>\n<td width=\"180\">\n<p>Site Web<\/p>\n<\/td>\n<td width=\"415\">\n<p>https:\/\/distillerie-dusonneur.com\/<\/p>\n<\/td>\n<\/tr>\n<\/tbody>\n<\/table>\n<p>\u00a0<\/p>\n","protected":false},"excerpt":{"rendered":"<p>\u00a0 C\u2019est dans le centre-ville du Mans, dans une ancienne salle de bal des ann\u00e9es 20, que se tenait la<\/p>\n","protected":false},"author":1,"featured_media":7557,"parent":0,"menu_order":0,"comment_status":"closed","ping_status":"closed","template":"","meta":{"jetpack_post_was_ever_published":false,"footnotes":""},"class_list":["post-7552","page","type-page","status-publish","has-post-thumbnail","hentry"],"jetpack_sharing_enabled":true,"jetpack_shortlink":"https:\/\/wp.me\/P8oZPa-1XO","jetpack-related-posts":[{"id":56,"url":"https:\/\/whisky-francais.com\/index.php\/distilleries\/","url_meta":{"origin":7552,"position":0},"title":"Producteurs \/ Distilleries","date":"11 f\u00e9vrier 2017","format":false,"excerpt":"Auvergne-Rh\u00f4ne-Alpes Distillerie du Drac Distillerie des Bughes Distillerie du Vercors Domaine des Hautes Glaces Distillerie des Hautes Terres AlpSpirits (ferm\u00e9e) Monsieur Balthazar Mont Blanc Ninkasi O\u2019Baptiste (Ne produit plus de whisky) Bourgogne-Franche-Comt\u00e9 Br\u00fblerie du Revermont Michel Couvreur Rouget de Lisle Bretagne La Bambelle Distillerie des Menhirs Distillerie FDC (Bale Bro)\u2026","rel":"","context":"Article similaire","img":{"alt_text":"","src":"","width":0,"height":0},"classes":[]},{"id":713,"url":"https:\/\/whisky-francais.com\/index.php\/distilleries\/claeyssens\/","url_meta":{"origin":7552,"position":1},"title":"Claeyssens","date":"28 mars 2017","format":false,"excerpt":"C'est du haut de ses 200 ans d'existence que la distillerie Claeyssens s'est lanc\u00e9e dans la confection de whisky au cours des ann\u00e9es 2000. Forte d'un savoir-faire s\u00e9culaire, cette institution est un monument d'histoire nous rappelant la grande \u00e9poque de la distillation dans le Nord de la France. Statut Produit\u2026","rel":"","context":"Article similaire","img":{"alt_text":"Matthieu Acar, Xavier Brevet, Lilya Sekkal, d\u00e9gustation, whisky, acad\u00e9mie, masterclass, Paris, atelier, d\u00e9gustation, whisky","src":"https:\/\/i0.wp.com\/whisky-francais.com\/wp-content\/uploads\/2017\/03\/CLAEYSSENSFONTAINE.jpg?resize=350%2C200&ssl=1","width":350,"height":200},"classes":[]},{"id":114,"url":"https:\/\/whisky-francais.com\/index.php\/distilleries\/monsieur-balthazar\/","url_meta":{"origin":7552,"position":2},"title":"Monsieur Balthazar","date":"17 f\u00e9vrier 2017","format":false,"excerpt":"C'est \u00e0 la lisi\u00e8re de la for\u00eat de Tron\u00e7ais que le Straight Whisky Bourbonnais vit le jour au d\u00e9but des ann\u00e9es 2000, sous l'\u00e9gide d'Olivier Perrier. Reprise par David Faverot en 2013 (apr\u00e8s plusieurs mois de collaboration avec O. Perrier), le whisky Hedgehog est d\u00e9sormais le porte \u00e9tendard du savoir-faire\u2026","rel":"","context":"Article similaire","img":{"alt_text":"","src":"https:\/\/i0.wp.com\/whisky-francais.com\/wp-content\/uploads\/2017\/02\/Hedgehog.jpg?resize=350%2C200","width":350,"height":200},"classes":[]},{"id":493,"url":"https:\/\/whisky-francais.com\/index.php\/distilleries\/miclo\/","url_meta":{"origin":7552,"position":3},"title":"G.Miclo","date":"6 mars 2017","format":false,"excerpt":"Depuis les ann\u00e9es 90 la consommation des eaux-de-vie a baiss\u00e9 en France. D'une part par effet de mode (les eaux-de-vie sont vues comme vieillottes) d'autre part, car la mise en place des contr\u00f4les routiers a fait baisser les ventes li\u00e9es \u00e0 la restauration. C'est aussi, et peut-\u00eatre surtout, car les\u2026","rel":"","context":"Article similaire","img":{"alt_text":"","src":"https:\/\/i0.wp.com\/whisky-francais.com\/wp-content\/uploads\/2017\/03\/Alambics.jpg?resize=350%2C200","width":350,"height":200},"classes":[]},{"id":3954,"url":"https:\/\/whisky-francais.com\/index.php\/distilleries\/distillerie-du-mont-blanc\/","url_meta":{"origin":7552,"position":4},"title":"Distillerie du Mont Blanc","date":"14 d\u00e9cembre 2018","format":false,"excerpt":"C\u2019est au c\u0153ur des Alpes, \u00e0 La Motte-Servolex, qu'en 1999, Sylvain Chiron fera renaitre la brasserie du Mont Blanc, fleuron brassicole qui officia de 1830 avant de cesser toutes activit\u00e9s en 1966. D\u00e8s le d\u00e9part, la dimension distillerie est int\u00e9gr\u00e9e au projet mais il faudra attendre plus de 15 ans\u2026","rel":"","context":"Article similaire","img":{"alt_text":"Distillerie du Mont Blanc, Sylvain Chiron, La Motte-Servolex, Les Houches, Enchapleuze, Orge, Stupfler, Dolin, whisky Fran\u00e7ais, French whisky, France, Lilya Sekkal, Matthieu Acar, Xavier Brevet, d\u00e9gustation, masterclass, atelier","src":"https:\/\/i0.wp.com\/whisky-francais.com\/wp-content\/uploads\/2018\/12\/LOGO-DISTILLERIE-DU-MONT-BLANC-DIEU-au-trait-NEW.png?resize=350%2C200&ssl=1","width":350,"height":200},"classes":[]},{"id":3935,"url":"https:\/\/whisky-francais.com\/index.php\/distilleries\/la-mine-dor\/","url_meta":{"origin":7552,"position":5},"title":"La Mine d&rsquo;Or","date":"13 d\u00e9cembre 2018","format":false,"excerpt":"Cr\u00e9\u00e9e en 2016 par St\u00e9phane Kerdod\u00e9, la distillerie de La Mine d\u2019Or s\u2019appuie sur le savoir-faire et l\u2019exp\u00e9rience de la brasserie Lancelot dans la confection de son whisky. C\u2019est \u00e0 travers cette activit\u00e9 que la distillerie redonne vie \u00e0 un site o\u00f9 s\u2019activaient jadis des centaines de mineurs en qu\u00eate\u2026","rel":"","context":"Article similaire","img":{"alt_text":"","src":"https:\/\/i0.wp.com\/whisky-francais.com\/wp-content\/uploads\/2018\/12\/LMD1-min.jpg?resize=350%2C200","width":350,"height":200},"classes":[]}],"_links":{"self":[{"href":"https:\/\/whisky-francais.com\/index.php\/wp-json\/wp\/v2\/pages\/7552"}],"collection":[{"href":"https:\/\/whisky-francais.com\/index.php\/wp-json\/wp\/v2\/pages"}],"about":[{"href":"https:\/\/whisky-francais.com\/index.php\/wp-json\/wp\/v2\/types\/page"}],"author":[{"embeddable":true,"href":"https:\/\/whisky-francais.com\/index.php\/wp-json\/wp\/v2\/users\/1"}],"replies":[{"embeddable":true,"href":"https:\/\/whisky-francais.com\/index.php\/wp-json\/wp\/v2\/comments?post=7552"}],"version-history":[{"count":6,"href":"https:\/\/whisky-francais.com\/index.php\/wp-json\/wp\/v2\/pages\/7552\/revisions"}],"predecessor-version":[{"id":8057,"href":"https:\/\/whisky-francais.com\/index.php\/wp-json\/wp\/v2\/pages\/7552\/revisions\/8057"}],"wp:featuredmedia":[{"embeddable":true,"href":"https:\/\/whisky-francais.com\/index.php\/wp-json\/wp\/v2\/media\/7557"}],"wp:attachment":[{"href":"https:\/\/whisky-francais.com\/index.php\/wp-json\/wp\/v2\/media?parent=7552"}],"curies":[{"name":"wp","href":"https:\/\/api.w.org\/{rel}","templated":true}]}}