{"id":7700,"date":"2025-01-15T17:27:07","date_gmt":"2025-01-15T16:27:07","guid":{"rendered":"https:\/\/whisky-francais.com\/?page_id=7700"},"modified":"2025-01-15T17:40:13","modified_gmt":"2025-01-15T16:40:13","slug":"brasserie-distillerie-de-vauclair","status":"publish","type":"page","link":"https:\/\/whisky-francais.com\/index.php\/brasserie-distillerie-de-vauclair\/","title":{"rendered":"Brasserie distillerie de Vauclair"},"content":{"rendered":"\n\n\n<p><strong>En septembre 2024<\/strong>, la brasserie-distillerie de Vauclair, r\u00e9put\u00e9e pour ses bi\u00e8res de qualit\u00e9 \u00ab\u00a0La Choue\u00a0\u00bb, a embouteill\u00e9 son tout premier whisky, baptis\u00e9 <strong>\u00ab Le Cahou \u00bb<\/strong>. Derri\u00e8re cette anagramme de \u00ab La Choue \u00bb se cache un superbe single malt dont les racines remontent \u00e0 pr\u00e8s d\u2019un demi mill\u00e9naire !<\/p>\n<p><img loading=\"lazy\" decoding=\"async\" data-attachment-id=\"7710\" data-permalink=\"https:\/\/whisky-francais.com\/index.php\/brasserie-distillerie-de-vauclair\/brasserie-distillerie-de-vauclair-le-cahou-whisky-francais-paysage\/\" data-orig-file=\"https:\/\/whisky-francais.com\/wp-content\/uploads\/2025\/01\/brasserie-distillerie-de-Vauclair-le-cahou-whisky-francais-paysage.jpg\" data-orig-size=\"1541,744\" data-comments-opened=\"0\" data-image-meta=\"{&quot;aperture&quot;:&quot;0&quot;,&quot;credit&quot;:&quot;&quot;,&quot;camera&quot;:&quot;&quot;,&quot;caption&quot;:&quot;&quot;,&quot;created_timestamp&quot;:&quot;0&quot;,&quot;copyright&quot;:&quot;&quot;,&quot;focal_length&quot;:&quot;0&quot;,&quot;iso&quot;:&quot;0&quot;,&quot;shutter_speed&quot;:&quot;0&quot;,&quot;title&quot;:&quot;&quot;,&quot;orientation&quot;:&quot;0&quot;}\" data-image-title=\"brasserie distillerie de Vauclair le cahou whisky francais paysage\" data-image-description=\"\" data-image-caption=\"\" data-medium-file=\"https:\/\/whisky-francais.com\/wp-content\/uploads\/2025\/01\/brasserie-distillerie-de-Vauclair-le-cahou-whisky-francais-paysage-300x145.jpg\" data-large-file=\"https:\/\/whisky-francais.com\/wp-content\/uploads\/2025\/01\/brasserie-distillerie-de-Vauclair-le-cahou-whisky-francais-paysage-1024x494.jpg\" class=\"aligncenter size-full wp-image-7710\" src=\"https:\/\/whisky-francais.com\/wp-content\/uploads\/2025\/01\/brasserie-distillerie-de-Vauclair-le-cahou-whisky-francais-paysage.jpg\" alt=\"\" width=\"1541\" height=\"744\" srcset=\"https:\/\/whisky-francais.com\/wp-content\/uploads\/2025\/01\/brasserie-distillerie-de-Vauclair-le-cahou-whisky-francais-paysage.jpg 1541w, https:\/\/whisky-francais.com\/wp-content\/uploads\/2025\/01\/brasserie-distillerie-de-Vauclair-le-cahou-whisky-francais-paysage-300x145.jpg 300w, https:\/\/whisky-francais.com\/wp-content\/uploads\/2025\/01\/brasserie-distillerie-de-Vauclair-le-cahou-whisky-francais-paysage-1024x494.jpg 1024w, https:\/\/whisky-francais.com\/wp-content\/uploads\/2025\/01\/brasserie-distillerie-de-Vauclair-le-cahou-whisky-francais-paysage-768x371.jpg 768w, https:\/\/whisky-francais.com\/wp-content\/uploads\/2025\/01\/brasserie-distillerie-de-Vauclair-le-cahou-whisky-francais-paysage-1536x742.jpg 1536w\" sizes=\"(max-width: 1541px) 100vw, 1541px\" \/><\/p>\n<table width=\"595\">\n<tbody>\n<tr>\n<td width=\"180\">\n<p>Statut<\/p>\n<\/td>\n<td width=\"415\">\n<p>Productive<\/p>\n<\/td>\n<\/tr>\n<tr>\n<td width=\"180\">\n<p>Localisation<\/p>\n<\/td>\n<td width=\"415\">\n<p>Vauclair (Ouest), 52210 Giey-sur-Aujon<\/p>\n<\/td>\n<\/tr>\n<tr>\n<td width=\"180\">\n<p>Volume de Production<\/p>\n<\/td>\n<td width=\"415\">\n<p>30 \u00e0 50 f\u00fbts par an<\/p>\n<\/td>\n<\/tr>\n<tr>\n<td width=\"180\">\n<p>Dates Cl\u00e9s<\/p>\n<\/td>\n<td width=\"415\">\n<p><strong>F\u00e9vrier 2000<\/strong> : Inauguration de la brasserie de Vauclair, fond\u00e9e par Martin Quillard \u00e0 proximit\u00e9 d\u2019une source d\u2019eau exceptionnelle d\u00e9couverte en 1550 par les fr\u00e8res de Vauclair, de l\u2019ordre du Val des Choues.<\/p>\n<p><strong>2002<\/strong> : Anthony Nury intervient \u00e0 la brasserie en tant que saisonnier pour r\u00e9aliser des petits travaux de ma\u00e7onnerie, d\u2019entretien et de peinture.<\/p>\n<p><strong>2005<\/strong> : Anthony Nury rejoint l\u2019\u00e9quipe en tant que brasseur.<\/p>\n<p><strong>2007<\/strong> : Au d\u00e9part de Martin Quillard, Anthony reprend la brasserie avec son coll\u00e8gue.<\/p>\n<p><strong>2013<\/strong>\u00a0: Anthony prend seul la t\u00eate de la brasserie<\/p>\n<p><strong>2018<\/strong> : La brasserie s\u2019agrandit, et l\u2019\u00e9quipe compte d\u00e9sormais 10 personnes. Un ch\u00eane doit \u00eatre abattu pour permettre les travaux d\u2019extension. Pour Anthony, il est impensable de ne pas honorer cet arbre arriv\u00e9 \u00e0 maturit\u00e9. Il contacte alors la merranderie du Barrois (52) pour le transformer en merrains.<\/p>\n<p><strong>Janvier 2020<\/strong> : Anthony et son \u00e9quipe se lancent dans la qu\u00eate d\u2019un alambic. \u00ab Mon grand-p\u00e8re et mon p\u00e8re ont toujours distill\u00e9, essentiellement des fruits comme les mirabelles et les poires, mais moi, j\u2019ai rapidement compris qu\u2019une brasserie + un alambic = whisky \u00bb, explique-t-il. C\u2019est sur Le Bon Coin qu\u2019Anthony trouve un alambic de 12,5 hectolitres id\u00e9al, \u00e0 condition de retirer le chauffe-vin pour une question de place.<\/p>\n<p><strong>Juillet 2020<\/strong>\u00a0: L\u2019alambic arrive \u00e0 la brasserie<\/p>\n<p><strong>2021<\/strong> : Les merrains sont pr\u00eats \u00e0 \u00eatre transform\u00e9s en tonneaux apr\u00e8s 32 mois de s\u00e9chage. C\u2019est la tonnellerie Rousseau qui fa\u00e7onnera les barriques avec le ch\u00eane de Vauclair\u00a0<\/p>\n<p><strong>Janvier 2021<\/strong> : Installation de l\u2019alambic.<\/p>\n<p><strong>28 avril 2021<\/strong> : Mise en vieillissement des premiers distillats.<\/p>\n<p><strong>Mars 2024<\/strong> : Formation au CIDS et recherche des premiers assemblages pour pr\u00e9parer la sortie du premier whisky.<\/p>\n<p><strong>Avril 2024<\/strong>\u00a0: Visite de plusieurs distilleries embl\u00e9matiques telles que Les Menhirs, La Mine d\u2019Or, La Piautre, et Ouche Nanon.<\/p>\n<p><strong>22 septembre 2024<\/strong> : La brasserie de Vauclair d\u00e9voile son premier single malt.<\/p>\n<\/td>\n<\/tr>\n<tr>\n<td width=\"180\">\n<p>Personnages Cl\u00e9s<\/p>\n<\/td>\n<td width=\"415\">\n<p><strong>Martin Quillard<\/strong> : Fondateur de la brasserie.<\/p>\n<p><strong>Anthony Nury<\/strong> : Directeur et ma\u00eetre-brasseur.<\/p>\n<p><strong>Ga\u00ebtan Mugard<\/strong> : Ancien malteur, expert en production et qualit\u00e9.<\/p>\n<\/td>\n<\/tr>\n<tr>\n<td width=\"180\">\n<p>Gamme<\/p>\n<\/td>\n<td width=\"415\">\n<p>Le Cahou H\u00e9ritage\u00a0: Assemblage de 4 doubles maturations.<\/p>\n<p>Le Cahou Instinct\u00a0: Single cask \u00e9lev\u00e9 en fut de Porto blanc<\/p>\n<\/td>\n<\/tr>\n<tr>\n<td width=\"180\">\n<p>Eau<\/p>\n<\/td>\n<td width=\"415\">\n<p>Source d\u2019eau locale d\u00e9couverte par des moines, les fr\u00e8res de Vauclair de l\u2019ordre du Val des Choues ,il y a presque un demi mill\u00e9naire, en 1550<\/p>\n<\/td>\n<\/tr>\n<tr>\n<td width=\"180\">\n<p>C\u00e9r\u00e9ale(s)<\/p>\n<\/td>\n<td width=\"415\">\n<p>Orge malt\u00e9e laur\u00e9ate + 5% de malt torr\u00e9fi\u00e9<\/p>\n<p>Quelques brassins avec des malt tourb\u00e9s en provenance de la malterie du ch\u00e2teau.<\/p>\n<\/td>\n<\/tr>\n<tr>\n<td width=\"180\">\n<p>Maltage<\/p>\n<\/td>\n<td width=\"415\">\n<p>Soufflet<\/p>\n<p>Malterie du ch\u00e2teau<\/p>\n<\/td>\n<\/tr>\n<tr>\n<td width=\"180\">\n<p>Fermentation\/Levures<\/p>\n<\/td>\n<td width=\"415\">\n<p>Levures cultiv\u00e9es localement, fermentation \u00e0 25\u00b0C longue de 6 \u00e0 7 jours, le Wash avoisine les 10% vol<\/p>\n<\/td>\n<\/tr>\n<tr>\n<td width=\"180\">\n<p>Alambics<\/p>\n<\/td>\n<td width=\"415\">\n<p>Alambic charentais de 12,5 Hectolitres aliment\u00e9 au Gaz.<\/p>\n<\/td>\n<\/tr>\n<tr>\n<td width=\"180\">\n<p>Distillation<\/p>\n<\/td>\n<td width=\"415\">\n<p>Double distillation avec un degr\u00e9 du distillat \u00e0 72% qui sera r\u00e9duit \u00e0 63% pour l\u2019enfutage<\/p>\n<p>Distillation lente ( 11,5 heures la premi\u00e8re passe, 14h la deuxi\u00e8me)<\/p>\n<\/td>\n<\/tr>\n<tr>\n<td width=\"180\">\n<p>Type de chai<\/p>\n<\/td>\n<td width=\"415\">\n<p>Froid et humide<\/p>\n<\/td>\n<\/tr>\n<tr>\n<td width=\"180\">\n<p>F\u00fbt(s)<\/p>\n<\/td>\n<td width=\"415\">\n<p>Le ch\u00eane abattu pour l\u2019agrandissement de la brasserie permet d\u2019obtenir 9 barriques pour lesquelles la distillerie va choisir 4 types de chauffe distincts\u00a0: LC\u00a0: longue et claire, ML\u00a0: moyenne et longue, M+\u00a0: moyenne plus et F\u00a0: forte.<\/p>\n<p>La brasserie utilise \u00e9galement des barriques d\u2019un vin local\u00a0: le muid<span style=\"text-decoration: line-through;\">s<\/span> montsaugeonnais<\/p>\n<p>A cela s\u2019ajoute des barriques de blanc liquoreux (Sauternes, Meursault, Banyuls) et quelques autres exp\u00e9rimentations et notamment des tourb\u00e9s en f\u00fbt de Bourbon<\/p>\n<\/td>\n<\/tr>\n<tr>\n<td width=\"180\">\n<p>Donn\u00e9es Territoriales<\/p>\n<\/td>\n<td width=\"415\">\n<p>\u00a0<\/p>\n<\/td>\n<\/tr>\n<tr>\n<td width=\"180\">\n<p>Notes<\/p>\n<\/td>\n<td width=\"415\">\n<p>\u00a0<\/p>\n<\/td>\n<\/tr>\n<tr>\n<td width=\"180\">\n<p>Site Web<\/p>\n<\/td>\n<td width=\"415\">\n<p>https:\/\/www.le-cahou.com\/<\/p>\n<\/td>\n<\/tr>\n<\/tbody>\n<\/table>\n<p>\u00a0<\/p>\n","protected":false},"excerpt":{"rendered":"<p>En septembre 2024, la brasserie-distillerie de Vauclair, r\u00e9put\u00e9e pour ses bi\u00e8res de qualit\u00e9 \u00ab\u00a0La Choue\u00a0\u00bb, a embouteill\u00e9 son tout premier<\/p>\n","protected":false},"author":1,"featured_media":7705,"parent":0,"menu_order":0,"comment_status":"closed","ping_status":"closed","template":"","meta":{"jetpack_post_was_ever_published":false,"footnotes":""},"class_list":["post-7700","page","type-page","status-publish","has-post-thumbnail","hentry"],"jetpack_sharing_enabled":true,"jetpack_shortlink":"https:\/\/wp.me\/P8oZPa-20c","jetpack-related-posts":[{"id":56,"url":"https:\/\/whisky-francais.com\/index.php\/distilleries\/","url_meta":{"origin":7700,"position":0},"title":"Producteurs \/ Distilleries","date":"11 f\u00e9vrier 2017","format":false,"excerpt":"Auvergne-Rh\u00f4ne-Alpes Distillerie du Drac Distillerie des Bughes Distillerie du Vercors Domaine des Hautes Glaces Distillerie des Hautes Terres AlpSpirits (ferm\u00e9e) Monsieur Balthazar Mont Blanc Ninkasi O\u2019Baptiste (Ne produit plus de whisky) Bourgogne-Franche-Comt\u00e9 Br\u00fblerie du Revermont Michel Couvreur Rouget de Lisle Bretagne La Bambelle Distillerie des Menhirs Distillerie FDC (Bale Bro)\u2026","rel":"","context":"Article similaire","img":{"alt_text":"","src":"","width":0,"height":0},"classes":[]},{"id":3935,"url":"https:\/\/whisky-francais.com\/index.php\/distilleries\/la-mine-dor\/","url_meta":{"origin":7700,"position":1},"title":"La Mine d&rsquo;Or","date":"13 d\u00e9cembre 2018","format":false,"excerpt":"Cr\u00e9\u00e9e en 2016 par St\u00e9phane Kerdod\u00e9, la distillerie de La Mine d\u2019Or s\u2019appuie sur le savoir-faire et l\u2019exp\u00e9rience de la brasserie Lancelot dans la confection de son whisky. C\u2019est \u00e0 travers cette activit\u00e9 que la distillerie redonne vie \u00e0 un site o\u00f9 s\u2019activaient jadis des centaines de mineurs en qu\u00eate\u2026","rel":"","context":"Article similaire","img":{"alt_text":"","src":"https:\/\/i0.wp.com\/whisky-francais.com\/wp-content\/uploads\/2018\/12\/LMD1-min.jpg?resize=350%2C200","width":350,"height":200},"classes":[]},{"id":3954,"url":"https:\/\/whisky-francais.com\/index.php\/distilleries\/distillerie-du-mont-blanc\/","url_meta":{"origin":7700,"position":2},"title":"Distillerie du Mont Blanc","date":"14 d\u00e9cembre 2018","format":false,"excerpt":"C\u2019est au c\u0153ur des Alpes, \u00e0 La Motte-Servolex, qu'en 1999, Sylvain Chiron fera renaitre la brasserie du Mont Blanc, fleuron brassicole qui officia de 1830 avant de cesser toutes activit\u00e9s en 1966. D\u00e8s le d\u00e9part, la dimension distillerie est int\u00e9gr\u00e9e au projet mais il faudra attendre plus de 15 ans\u2026","rel":"","context":"Article similaire","img":{"alt_text":"Distillerie du Mont Blanc, Sylvain Chiron, La Motte-Servolex, Les Houches, Enchapleuze, Orge, Stupfler, Dolin, whisky Fran\u00e7ais, French whisky, France, Lilya Sekkal, Matthieu Acar, Xavier Brevet, d\u00e9gustation, masterclass, atelier","src":"https:\/\/i0.wp.com\/whisky-francais.com\/wp-content\/uploads\/2018\/12\/LOGO-DISTILLERIE-DU-MONT-BLANC-DIEU-au-trait-NEW.png?resize=350%2C200&ssl=1","width":350,"height":200},"classes":[]},{"id":7500,"url":"https:\/\/whisky-francais.com\/index.php\/brasserie-artisanale-des-2-caps-christophe-noyon-brasseur\/","url_meta":{"origin":7700,"position":3},"title":"Brasserie Artisanale des 2 Caps\u00a0 &#8211; Christophe noyon Brasseur","date":"14 septembre 2024","format":false,"excerpt":"\u00a0 Statut En production Localisation \u00a0 Volume de Production Environ 3000 bouteilles par an. Dates Cl\u00e9s 1946 : Le Grand-p\u00e8re de Christophe Noyon, Michel Noyon, monte une distillerie d\u2019alcool de Betterave au c\u0153ur de sa propri\u00e9t\u00e9, le Domaine de Warcove, situ\u00e9e sur la C\u00f4te d\u2019Opale. Le mat\u00e9riel avait \u00e9t\u00e9 achet\u00e9\u2026","rel":"","context":"Article similaire","img":{"alt_text":"","src":"https:\/\/i0.wp.com\/whisky-francais.com\/wp-content\/uploads\/2024\/09\/tableau-2caps-scaled-warcove-whisky-francais.jpg?resize=350%2C200&ssl=1","width":350,"height":200},"classes":[]},{"id":1532,"url":"https:\/\/whisky-francais.com\/index.php\/distilleries\/brasserie-saint-germain-page-24\/","url_meta":{"origin":7700,"position":4},"title":"TOS &#8211; Brasserie Saint Germain (Page 24)","date":"29 mai 2017","format":false,"excerpt":"Mise \u00e0 jour le 27\/01\/2021 Situ\u00e9e \u00e0 Aix-Noulette, dans le Pas-de-Calais, la Brasserie Saint Germain se lance dans la fabrication de whisky cette ann\u00e9e (2017) ! Nul doute que son savoir-faire brassicole et sa volont\u00e9 de mise en valeur des fili\u00e8res locales (100% des mati\u00e8res premi\u00e8res sont d\u2019origine locale) sauront\u2026","rel":"","context":"Article similaire","img":{"alt_text":"","src":"https:\/\/i0.wp.com\/whisky-francais.com\/wp-content\/uploads\/2021\/03\/page-24-whisky-francais-distillerie-tos-scaled.jpg?resize=350%2C200&ssl=1","width":350,"height":200},"classes":[]},{"id":8158,"url":"https:\/\/whisky-francais.com\/index.php\/san-roce\/","url_meta":{"origin":7700,"position":5},"title":"San Roc\u00e9","date":"30 novembre 2025","format":false,"excerpt":"Situ\u00e9 \u00e0 Jans, en Loire-Atlantique, la brasserie de San Roc\u00e9 s\u2019est \u00e9quip\u00e9e d\u2019un alambic Coyac centenaire pour la production d'un whisky r\u00e9solument artisanal. Retour sur l\u2019histoire de ce nouvel acteur sur la sc\u00e8ne du whisky fran\u00e7ais. Statut En production Localisation Jans, Loire-Atlantique (France) Volume de Production Objectif : environ 10\u2026","rel":"","context":"Article similaire","img":{"alt_text":"","src":"https:\/\/i0.wp.com\/whisky-francais.com\/wp-content\/uploads\/2022\/07\/brasserie-san-roce-jans-whisky-francais-mac-roce.png?resize=350%2C200&ssl=1","width":350,"height":200},"classes":[]}],"_links":{"self":[{"href":"https:\/\/whisky-francais.com\/index.php\/wp-json\/wp\/v2\/pages\/7700"}],"collection":[{"href":"https:\/\/whisky-francais.com\/index.php\/wp-json\/wp\/v2\/pages"}],"about":[{"href":"https:\/\/whisky-francais.com\/index.php\/wp-json\/wp\/v2\/types\/page"}],"author":[{"embeddable":true,"href":"https:\/\/whisky-francais.com\/index.php\/wp-json\/wp\/v2\/users\/1"}],"replies":[{"embeddable":true,"href":"https:\/\/whisky-francais.com\/index.php\/wp-json\/wp\/v2\/comments?post=7700"}],"version-history":[{"count":5,"href":"https:\/\/whisky-francais.com\/index.php\/wp-json\/wp\/v2\/pages\/7700\/revisions"}],"predecessor-version":[{"id":7712,"href":"https:\/\/whisky-francais.com\/index.php\/wp-json\/wp\/v2\/pages\/7700\/revisions\/7712"}],"wp:featuredmedia":[{"embeddable":true,"href":"https:\/\/whisky-francais.com\/index.php\/wp-json\/wp\/v2\/media\/7705"}],"wp:attachment":[{"href":"https:\/\/whisky-francais.com\/index.php\/wp-json\/wp\/v2\/media?parent=7700"}],"curies":[{"name":"wp","href":"https:\/\/api.w.org\/{rel}","templated":true}]}}