{"id":8005,"date":"2025-08-30T10:56:05","date_gmt":"2025-08-30T08:56:05","guid":{"rendered":"https:\/\/whisky-francais.com\/?page_id=8005"},"modified":"2025-09-02T20:45:30","modified_gmt":"2025-09-02T18:45:30","slug":"distillerie-des-hautes-terres","status":"publish","type":"page","link":"https:\/\/whisky-francais.com\/index.php\/distillerie-des-hautes-terres\/","title":{"rendered":"Distillerie des Hautes Terres"},"content":{"rendered":"\n<p>\u00c0 950 m\u00e8tres d\u2019altitude, au c\u0153ur du village entreprise de Neussargues-en-Pinatelle, la Distillerie des Hautes Terres trace depuis peu son sillon dans le paysage du whisky fran\u00e7ais. Ici, en plein Massif central, les Pages \u2013 Fran\u00e7ois et Greta \u2013 ont choisi de r\u00e9inventer l\u2019esprit du whisky fermier, en s\u2019appuyant sur les c\u00e9r\u00e9ales cultiv\u00e9es \u00e0 la ferme familiale de Mol\u00e8de, situ\u00e9e encore plus haut, \u00e0 1100 m\u00e8tres.<\/p>\n<p><img loading=\"lazy\" decoding=\"async\" data-attachment-id=\"8012\" data-permalink=\"https:\/\/whisky-francais.com\/index.php\/distillerie-des-hautes-terres\/mura-distillerie-des-hautes-terres-champ\/\" data-orig-file=\"https:\/\/whisky-francais.com\/wp-content\/uploads\/2025\/08\/Mura-distillerie-des-hautes-terres-champ.jpg\" data-orig-size=\"1555,1036\" data-comments-opened=\"0\" data-image-meta=\"{&quot;aperture&quot;:&quot;22&quot;,&quot;credit&quot;:&quot;&quot;,&quot;camera&quot;:&quot;Canon EOS 550D&quot;,&quot;caption&quot;:&quot;&quot;,&quot;created_timestamp&quot;:&quot;1750938146&quot;,&quot;copyright&quot;:&quot;&quot;,&quot;focal_length&quot;:&quot;39&quot;,&quot;iso&quot;:&quot;100&quot;,&quot;shutter_speed&quot;:&quot;0.016666666666667&quot;,&quot;title&quot;:&quot;&quot;,&quot;orientation&quot;:&quot;1&quot;}\" data-image-title=\"Mura distillerie des hautes terres champ\" data-image-description=\"\" data-image-caption=\"\" data-medium-file=\"https:\/\/whisky-francais.com\/wp-content\/uploads\/2025\/08\/Mura-distillerie-des-hautes-terres-champ-300x200.jpg\" data-large-file=\"https:\/\/whisky-francais.com\/wp-content\/uploads\/2025\/08\/Mura-distillerie-des-hautes-terres-champ-1024x682.jpg\" class=\"aligncenter size-large wp-image-8012\" src=\"https:\/\/whisky-francais.com\/wp-content\/uploads\/2025\/08\/Mura-distillerie-des-hautes-terres-champ-1024x682.jpg\" alt=\"\" width=\"840\" height=\"559\" srcset=\"https:\/\/whisky-francais.com\/wp-content\/uploads\/2025\/08\/Mura-distillerie-des-hautes-terres-champ-1024x682.jpg 1024w, https:\/\/whisky-francais.com\/wp-content\/uploads\/2025\/08\/Mura-distillerie-des-hautes-terres-champ-300x200.jpg 300w, https:\/\/whisky-francais.com\/wp-content\/uploads\/2025\/08\/Mura-distillerie-des-hautes-terres-champ-768x512.jpg 768w, https:\/\/whisky-francais.com\/wp-content\/uploads\/2025\/08\/Mura-distillerie-des-hautes-terres-champ-1536x1023.jpg 1536w, https:\/\/whisky-francais.com\/wp-content\/uploads\/2025\/08\/Mura-distillerie-des-hautes-terres-champ-120x80.jpg 120w, https:\/\/whisky-francais.com\/wp-content\/uploads\/2025\/08\/Mura-distillerie-des-hautes-terres-champ.jpg 1555w\" sizes=\"(max-width: 840px) 100vw, 840px\" \/><\/p>\n<table width=\"595\">\n<tbody>\n<tr>\n<td width=\"180\">\n<p>Statut<\/p>\n<\/td>\n<td width=\"415\">\n<p>En Production<\/p>\n<\/td>\n<\/tr>\n<tr>\n<td width=\"180\">\n<p>Localisation<\/p>\n<\/td>\n<td width=\"415\">\n<p>La distillerie se situe au Village Entreprise, Bat 1, 15170 Neussargues en Pinatelle \u00e0 950 m\u00e8tres d\u2019altitude.<\/p>\n<p>Les c\u00e9r\u00e9ales sont cultiv\u00e9es non loin de l\u00e0, \u00e0 la ferme de Mol\u00e8de, 15300 Molede Laveissenet \u00e0 1100 m\u00e8tres d\u2019altitude<\/p>\n<\/td>\n<\/tr>\n<tr>\n<td width=\"180\">\n<p>Volume de Production<\/p>\n<\/td>\n<td width=\"415\">\n<p>Pour sa premi\u00e8re ann\u00e9e, la Distillerie des Hautes Terres embouteille 5 000 bouteilles de son single malt. \u00c0 terme, 30 tonnes de c\u00e9r\u00e9ales permettront de produire jusqu\u2019\u00e0 20 000 bouteilles par an.<\/p>\n<\/td>\n<\/tr>\n<tr>\n<td width=\"180\">\n<p>Dates Cl\u00e9s<\/p>\n<\/td>\n<td width=\"415\">\n<p><strong>2020<\/strong> : Gr\u00e9ta, sommeli\u00e8re, et Fran\u00e7ois, travaillant dans l\u2019export de vin, se retrouvent bloqu\u00e9s en C\u00f4te d\u2019Ivoire alors que le monde se confine \u00e0 cause de la pand\u00e9mie mondiale. Ils mettent \u00e0 profit ce temps pour m\u00fbrir leur projet : valoriser les productions de la ferme familiale et le terroir unique et pr\u00e9serv\u00e9 de l\u2019Auvergne, en appliquant au whisky le mod\u00e8le du vigneron ind\u00e9pendant.<\/p>\n<blockquote>\n<p>\u00ab<em> \u00c0 l\u2019instar du grand vin, un grand whisky doit \u00eatre le reflet de l\u2019endroit d\u2019o\u00f9 il vient.<\/em> \u00bb<\/p>\n<p style=\"text-align: right;\"><em>Fran\u00e7ois Pag\u00e8s<\/em><\/p>\n<\/blockquote>\n<p><strong>2021<\/strong> : Premier distillat chez <a href=\"https:\/\/whisky-francais.com\/index.php\/moutard\/\">Moutard<\/a>, en double distillation dans les pot stills de la distillerie (wash still de 6 hl, spirit still de 8 hl).<\/p>\n<p><strong>2022<\/strong> : Premi\u00e8re distillation (notamment du rye) \u00e0 la distillerie du Golf, sur un Stupfler.<\/p>\n<p><strong>2023<\/strong> : Acquisition du b\u00e2timent en septembre puis r\u00e9ception du Stupfler en Mars. Premi\u00e8res productions de gin puis de whisky.<\/p>\n<p><strong>Juillet 2025<\/strong> : lancement du premier whisky single malt <em>Mura<\/em>, qui tire son nom de la ville de Murat, situ\u00e9e \u00e0 proximit\u00e9.<\/p>\n<\/td>\n<\/tr>\n<tr>\n<td width=\"180\">\n<p>Personnages Cl\u00e9s<\/p>\n<\/td>\n<td width=\"415\">\n<p><strong>Gr\u00e9ta Pag\u00e8s (Master Blender, R&amp;D)<\/strong><br \/>Sommeli\u00e8re dipl\u00f4m\u00e9e du <em>WSET Diploma<\/em>, elle a travaill\u00e9 pendant dix ans comme acheteuse de vin et sommeli\u00e8re \u00e0 Londres.<br \/>Ses missions actuelles couvrent la recherche et le d\u00e9veloppement ainsi que le r\u00f4le de Master Blender : de l\u2019approvisionnement en plantes locales \u00e0 la cr\u00e9ation de recettes de gin et de vermouth, en passant par l\u2019\u00e9levage et l\u2019assemblage des whiskies.<\/p>\n<p><strong>Fran\u00e7ois Pag\u00e8s (Distillateur &amp; Directeur des ventes)<\/strong><br \/>Apr\u00e8s plusieurs ann\u00e9es pass\u00e9es dans le commerce international du vin, il souhaite, \u00e0 travers ce projet, se reconnecter \u00e0 ses racines et partager sa passion pour l\u2019un des plus beaux terroirs de France.<br \/>Ses missions actuelles couvrent la distillation ainsi que le d\u00e9veloppement commercial.<\/p>\n<\/td>\n<\/tr>\n<tr>\n<td width=\"180\">\n<p>Gamme<\/p>\n<\/td>\n<td width=\"415\">\n<p><strong>MURA RYE \u2013 Eau-de-vie de Seigle (Qui sera remplac\u00e9 par le Single Grain Whisky en Septembre 2025)<\/strong><\/p>\n<ul>\n<li><strong>C\u00e9r\u00e9ales :<\/strong> 51% seigle, 49% orge malt\u00e9e<\/li>\n<li><strong>Distillation :<\/strong> Alambic Stupfler, \u00e0 feu nu<\/li>\n<li><strong>\u00c9levage :<\/strong> F\u00fbts de ch\u00eane fran\u00e7ais &amp; bourbon<\/li>\n<li><strong>Profil :<\/strong>\n<ul>\n<li>Nez : pain de seigle \u00e9pic\u00e9, pruneau \u00e0 l\u2019Armagnac, vanille, chocolat noir<\/li>\n<li>Bouche : ronde, intense, chocolat blanc, mandarine, truffe<\/li>\n<\/ul>\n<\/li>\n<\/ul>\n<p><strong>MURA PURE MALT \u2013 Eau-de-vie de Malt (Arr\u00eat\u00e9 et remplac\u00e9 par le Whisky depuis juillet 2025)<\/strong><\/p>\n<ul>\n<li><strong>C\u00e9r\u00e9ales :<\/strong> 100% orge malt\u00e9e<\/li>\n<li><strong>Distillation :<\/strong> Double distillation \u00e0 feu nu, alambic charentais<\/li>\n<li><strong>\u00c9levage :<\/strong> F\u00fbts de ch\u00eane neuf fran\u00e7ais, Cognac, Bourbon, Rye, Sherry<\/li>\n<li><strong>Profil :<\/strong>\n<ul>\n<li>Nez : c\u00e9r\u00e9ales, mangue s\u00e9ch\u00e9e, chocolat blanc, cigare<\/li>\n<li>Bouche : fum\u00e9e, caf\u00e9, cr\u00e8me br\u00fbl\u00e9e vanill\u00e9e<\/li>\n<\/ul>\n<\/li>\n<\/ul>\n<p>\u00a0<\/p>\n<p><strong>MURA SINGLE MALT \u2013 Whisky de Malt<\/strong><\/p>\n<ul>\n<li><strong>C\u00e9r\u00e9ales :<\/strong> 100% orge malt\u00e9e<\/li>\n<li><strong>Distillation :<\/strong> Double distillation \u00e0 feu nu, alambic charentais<\/li>\n<li><strong>\u00c9levage :<\/strong> F\u00fbts de ch\u00eane neuf fran\u00e7ais, Cognac, Bourbon, Rye, Sherry<\/li>\n<li><strong>Profil :<\/strong><br \/>\n<ul>\n<li><strong data-start=\"114\" data-end=\"123\">Nez :<\/strong> riche, c\u00e9r\u00e9ales, r\u00e9glisse, fruits blancs, touches exotiques.<br data-start=\"184\" data-end=\"187\" \/><strong data-start=\"187\" data-end=\"199\">Bouche :<\/strong> suave, ronde, grasse et fruit\u00e9e, malt\u00e9e sans exc\u00e8s de sucre, s\u00e8che et tendue.<br data-start=\"277\" data-end=\"280\" \/><strong data-start=\"280\" data-end=\"292\" data-is-only-node=\"\">Finale :<\/strong> note \u00e9pic\u00e9e, pointe fum\u00e9e, malt toast\u00e9.<\/li>\n<\/ul>\n<\/li>\n<\/ul>\n<p>\u00a0<\/p>\n<p>La distillerie propose \u00e9galement d\u2019excellent Vermouth ainsi qu&rsquo;un Gin.<\/p>\n<\/td>\n<\/tr>\n<tr>\n<td width=\"180\">\n<p>Eau<\/p>\n<\/td>\n<td width=\"415\">\n<p>La distillerie b\u00e9n\u00e9ficie d\u2019une eau de source d\u00e9couverte par Guy, le p\u00e8re de Fran\u00e7ois, capt\u00e9e dans un puits de 12 m\u00e8tres de profondeur.<\/p>\n<\/td>\n<\/tr>\n<tr>\n<td width=\"180\">\n<p>C\u00e9r\u00e9ale(s)<\/p>\n<\/td>\n<td width=\"415\">\n<p>Jean-Fran\u00e7ois, cousin de Fran\u00e7ois, cultive les c\u00e9r\u00e9ales destin\u00e9es \u00e0 la distillerie. Attach\u00e9 au respect de ses prairies, il refuse l\u2019usage de pesticides et privil\u00e9gie des pratiques agricoles respectueuses de l\u2019environnement.<\/p>\n<p>La ferme de Mol\u00e8de cultive diff\u00e9rentes vari\u00e9t\u00e9s adapt\u00e9es au terroir de montagne : l\u2019orge de printemps (<em>Laur\u00e9ate<\/em>), l\u2019orge d\u2019hiver (<em>Faro<\/em>), ainsi que du seigle. L\u2019objectif \u00e0 terme est de consacrer 8 hectares aux cultures pour le whisky. Aujourd\u2019hui, 5 hectares sont d\u00e9di\u00e9s \u00e0 l\u2019orge et 2 hectares au seigle.<\/p>\n<p>La ferme cultive \u00e9galement 15 hectares de bl\u00e9 et de triticale, destin\u00e9s \u00e0 l\u2019alimentation du b\u00e9tail des vaches Salers de la ferme.<\/p>\n<\/td>\n<\/tr>\n<tr>\n<td width=\"180\">\n<p>Maltage<\/p>\n<\/td>\n<td width=\"415\">\n<p>Les c\u00e9r\u00e9ales sont malt\u00e9es par lots de 6 tonnes \u00e0 la Malterie des Volcans, qui garantit une tra\u00e7abilit\u00e9 parfaite<\/p>\n<\/td>\n<\/tr>\n<tr>\n<td width=\"180\">\n<p>Fermentation\/Levures<\/p>\n<\/td>\n<td width=\"415\">\n<p>Les fermentations d\u00e9veloppent des ar\u00f4mes de p\u00eache, de poire et de fruits blancs, afin d\u2019apporter de la fra\u00eecheur et de la complexit\u00e9, et de ne pas laisser uniquement s\u2019exprimer la c\u00e9r\u00e9ale. Elles s\u2019\u00e9tendent sur trois jours dans une cuve ouverte de 15 hectolitres, favorisant l\u2019apport en oxyg\u00e8ne. Le wash titre \u00e0 7,4 %.<\/p>\n<\/td>\n<\/tr>\n<tr>\n<td width=\"180\">\n<p>Alambics<\/p>\n<\/td>\n<td width=\"415\">\n<p>Alambic Stupfler\u00ae de 800 litres<\/p>\n<\/td>\n<\/tr>\n<tr>\n<td width=\"180\">\n<p>Distillation<\/p>\n<\/td>\n<td width=\"415\">\n<p>Distillation discontinue multi-\u00e9tag\u00e9e avec reflux<\/p>\n<\/td>\n<\/tr>\n<tr>\n<td width=\"180\">\n<p>Type de chai<\/p>\n<\/td>\n<td width=\"415\">\n<p>Non temp\u00e9r\u00e9.<\/p>\n<\/td>\n<\/tr>\n<tr>\n<td width=\"180\">\n<p>F\u00fbt(s)<\/p>\n<\/td>\n<td width=\"415\">\n<p>Les eaux-de-vie sont enf\u00fbt\u00e9es \u00e0 63 %.<\/p>\n<p>Les whiskies sont d\u00e9gust\u00e9s tous les trois mois et les f\u00fbts d\u00e9plac\u00e9s tous les six mois : un \u00e9levage dynamique, sans r\u00e9duction progressive.<\/p>\n<p>L\u2019\u00e9levage se fait majoritairement en barriques neuves de ch\u00eane fran\u00e7ais, avec quelques essais en ch\u00eane am\u00e9ricain.<br \/>La distillerie travaille \u00e9galement avec des f\u00fbts \u201cblack Scale\u201d (STR) de la tonnellerie Navarre, ainsi que quelques first fill bourbon.<\/p>\n<\/td>\n<\/tr>\n<tr>\n<td width=\"180\">\n<p>Donn\u00e9es Territoriales<\/p>\n<\/td>\n<td width=\"415\">\n<p>Le climat de Murat, situ\u00e9 dans le Cantal en Auvergne-Rh\u00f4ne-Alpes, est de type oc\u00e9anique alt\u00e9r\u00e9, influenc\u00e9 par son altitude d&rsquo;environ 1 000 m\u00e8tres et sa position au c\u0153ur du Massif central<\/p>\n<\/td>\n<\/tr>\n<tr>\n<td width=\"180\">\n<p>Notes<\/p>\n<\/td>\n<td width=\"415\">\n<p>\u00a0<\/p>\n<\/td>\n<\/tr>\n<tr>\n<td width=\"180\">\n<p>Site Web<\/p>\n<\/td>\n<td width=\"415\">\n<p>https:\/\/www.hautes-terres.fr\/<\/p>\n<\/td>\n<\/tr>\n<\/tbody>\n<\/table>\n<p><img loading=\"lazy\" decoding=\"async\" data-attachment-id=\"8011\" data-permalink=\"https:\/\/whisky-francais.com\/index.php\/distillerie-des-hautes-terres\/mura-distillerie-des-hautes-terres-alambic-stupfler\/\" data-orig-file=\"https:\/\/whisky-francais.com\/wp-content\/uploads\/2025\/08\/Mura-distillerie-des-hautes-terres-alambic-stupfler.jpg\" data-orig-size=\"1458,972\" data-comments-opened=\"0\" data-image-meta=\"{&quot;aperture&quot;:&quot;3.5&quot;,&quot;credit&quot;:&quot;&quot;,&quot;camera&quot;:&quot;Canon EOS 550D&quot;,&quot;caption&quot;:&quot;&quot;,&quot;created_timestamp&quot;:&quot;1750943904&quot;,&quot;copyright&quot;:&quot;&quot;,&quot;focal_length&quot;:&quot;18&quot;,&quot;iso&quot;:&quot;100&quot;,&quot;shutter_speed&quot;:&quot;0.02&quot;,&quot;title&quot;:&quot;&quot;,&quot;orientation&quot;:&quot;1&quot;}\" data-image-title=\"Mura distillerie des hautes terres alambic stupfler\" data-image-description=\"\" data-image-caption=\"\" data-medium-file=\"https:\/\/whisky-francais.com\/wp-content\/uploads\/2025\/08\/Mura-distillerie-des-hautes-terres-alambic-stupfler-300x200.jpg\" data-large-file=\"https:\/\/whisky-francais.com\/wp-content\/uploads\/2025\/08\/Mura-distillerie-des-hautes-terres-alambic-stupfler-1024x683.jpg\" class=\"aligncenter size-large wp-image-8011\" src=\"https:\/\/whisky-francais.com\/wp-content\/uploads\/2025\/08\/Mura-distillerie-des-hautes-terres-alambic-stupfler-1024x683.jpg\" alt=\"\" width=\"840\" height=\"560\" srcset=\"https:\/\/whisky-francais.com\/wp-content\/uploads\/2025\/08\/Mura-distillerie-des-hautes-terres-alambic-stupfler-1024x683.jpg 1024w, https:\/\/whisky-francais.com\/wp-content\/uploads\/2025\/08\/Mura-distillerie-des-hautes-terres-alambic-stupfler-300x200.jpg 300w, https:\/\/whisky-francais.com\/wp-content\/uploads\/2025\/08\/Mura-distillerie-des-hautes-terres-alambic-stupfler-768x512.jpg 768w, https:\/\/whisky-francais.com\/wp-content\/uploads\/2025\/08\/Mura-distillerie-des-hautes-terres-alambic-stupfler-120x80.jpg 120w, https:\/\/whisky-francais.com\/wp-content\/uploads\/2025\/08\/Mura-distillerie-des-hautes-terres-alambic-stupfler.jpg 1458w\" sizes=\"(max-width: 840px) 100vw, 840px\" \/><\/p>\n","protected":false},"excerpt":{"rendered":"<p>\u00c0 950 m\u00e8tres d\u2019altitude, au c\u0153ur du village entreprise de Neussargues-en-Pinatelle, la Distillerie des Hautes Terres trace depuis peu son<\/p>\n","protected":false},"author":1,"featured_media":8009,"parent":0,"menu_order":0,"comment_status":"closed","ping_status":"closed","template":"","meta":{"jetpack_post_was_ever_published":false,"footnotes":""},"class_list":["post-8005","page","type-page","status-publish","has-post-thumbnail","hentry"],"jetpack_sharing_enabled":true,"jetpack_shortlink":"https:\/\/wp.me\/P8oZPa-257","jetpack-related-posts":[{"id":6680,"url":"https:\/\/whisky-francais.com\/index.php\/lachanenche\/","url_meta":{"origin":8005,"position":0},"title":"Lachanenche","date":"24 avril 2023","format":false,"excerpt":"Situ\u00e9e \u00e0 plus de mille m\u00e8tres d'altitude dans la vall\u00e9e de l'Ubaye, Lachanenche est une distillerie discr\u00e8te nich\u00e9e au c\u0153ur des Alpes du Sud. Dirig\u00e9e par les fr\u00e8res Beno\u00eet et J\u00e9r\u00f4me Million-Rousseau, la distillerie offre une large gamme de spiritueux, et notamment un single malt nomm\u00e9 Laverq, le premier whisky\u2026","rel":"","context":"Article similaire","img":{"alt_text":"","src":"https:\/\/i0.wp.com\/whisky-francais.com\/wp-content\/uploads\/2023\/04\/Lachanenche-whisky-francais.jpg?resize=350%2C200&ssl=1","width":350,"height":200},"classes":[]},{"id":493,"url":"https:\/\/whisky-francais.com\/index.php\/distilleries\/miclo\/","url_meta":{"origin":8005,"position":1},"title":"G.Miclo","date":"6 mars 2017","format":false,"excerpt":"Depuis les ann\u00e9es 90 la consommation des eaux-de-vie a baiss\u00e9 en France. D'une part par effet de mode (les eaux-de-vie sont vues comme vieillottes) d'autre part, car la mise en place des contr\u00f4les routiers a fait baisser les ventes li\u00e9es \u00e0 la restauration. C'est aussi, et peut-\u00eatre surtout, car les\u2026","rel":"","context":"Article similaire","img":{"alt_text":"","src":"https:\/\/i0.wp.com\/whisky-francais.com\/wp-content\/uploads\/2017\/03\/Alambics.jpg?resize=350%2C200","width":350,"height":200},"classes":[]},{"id":2,"url":"https:\/\/whisky-francais.com\/index.php\/distilleries\/dmg\/","url_meta":{"origin":8005,"position":2},"title":"Domaine des Hautes Glaces","date":"9 f\u00e9vrier 2017","format":false,"excerpt":"Le Domaine des Hautes Glaces est une ferme-distillerie fran\u00e7aise perch\u00e9e \u00e0 quelque 896 m\u00e8tres d'altitude, dans une batisse construite il y a de cela 400 ans par un alchimiste du coin. Un lieu pr\u00e9destin\u00e9 \u00e0 la fabrication d'eau-de-vie donc ! Statut Produit et Commercialise son propre whisky Localisation Domaine des\u2026","rel":"","context":"Article similaire","img":{"alt_text":"Le domaine des hautes glaces","src":"https:\/\/i0.wp.com\/whisky-francais.com\/wp-content\/uploads\/2017\/02\/distillerie-whisky-bio-06.jpg?resize=350%2C200","width":350,"height":200},"classes":[]},{"id":4371,"url":"https:\/\/whisky-francais.com\/index.php\/distilleries\/distillerie-disle-de-france\/","url_meta":{"origin":8005,"position":3},"title":"Distillerie d&rsquo;Isle de France","date":"13 mai 2019","format":false,"excerpt":"Derni\u00e8re mise \u00e0 jour : 15\/08\/2023 Cr\u00e9\u00e9e en 2017 par trois amis, la distillerie d\u2019Isle de France d\u00e9butera sa production de whisky en 2019. Centr\u00e9e sur une approche m\u00ealant esprit de camaraderie, valorisation de l\u2019\u00e9conomie circulaire et pr\u00e9servation de la biodiversit\u00e9, la distillerie s\u2019appr\u00eate \u00e0 lancer une campagne de financement\u2026","rel":"","context":"Article similaire","img":{"alt_text":"Distillerie d'Isle de France, Fresnes sur Marne, France, Olivier Fl\u00e9, Antonin Van Niel, Michael Landart, whisky, orge, ma\u00efs, seigle, brasserie rabourdin, Stupfler, Whisky Fran\u00e7ais, French Whisky, Xavier Brevet, Matthieu Acar, Lilya Sekkal, d\u00e9gustation, whisky, masterclass, Paris, atelier, d\u00e9gustation","src":"https:\/\/i0.wp.com\/whisky-francais.com\/wp-content\/uploads\/2019\/05\/5eb2b6cb-0e7e-4d6c-a7f0-48566d25032b-min-1.jpg?resize=350%2C200&ssl=1","width":350,"height":200},"classes":[]},{"id":1893,"url":"https:\/\/whisky-francais.com\/index.php\/distilleries\/domaine-de-bourjac\/","url_meta":{"origin":8005,"position":4},"title":"Domaine de Bourjac","date":"21 juin 2017","format":false,"excerpt":"Perch\u00e9 \u00e0 350 m\u00e8tres d'altitude dans l\u2019Aveyron, le Domaine de Bourjac a d'abord produit du vin et des ap\u00e9ritifs (Pastis, Ch\u00e2taigne, Prunelle, etc.) avant de signer un whisky artisanal de grande qualit\u00e9 ! Autodidacte et amateur de spiritueux - et plus particuli\u00e8rement de whisky tourb\u00e9 - Olivier Toulouse entreprend d\u00e8s\u2026","rel":"","context":"Article similaire","img":{"alt_text":"Domaine de Bourjac, Broqui\u00e8s, Olivier Toulouse, DDB 3 ans tou&dy, DDB 3 ans Chat Teigne, f\u00fbt par f\u00fbt, double distillation, orge malt\u00e9e biologique, culture raisonn\u00e9e, conduite raisonn\u00e9e, bruy\u00e8re, tourbe, alambic charentais, chauffe au bois, double distillation, f\u00fbt de ch\u00eane, ap\u00e9ritif, domaine, whisky Fran\u00e7ais, French Whisky, malt, whisky France, Passerelles, H\u00f4tel Parister, organiser, d\u00e9gustation, whisky, paris, priv\u00e9e, entreprise, \u00e9v\u00e9nement, masterclass, Matthieu Acar, Xavier Brevet, Lilya Sekkal, d\u00e9gustation, whisky, acad\u00e9mie, masterclass, Paris, atelier, d\u00e9gustation, whisky","src":"https:\/\/i0.wp.com\/whisky-francais.com\/wp-content\/uploads\/2017\/06\/logo-ddb-domaine-de-bourjac-1.png?resize=350%2C200&ssl=1","width":350,"height":200},"classes":[]},{"id":6182,"url":"https:\/\/whisky-francais.com\/index.php\/ferme-distillerie-de-faronville\/","url_meta":{"origin":8005,"position":5},"title":"Ferme Distillerie de Faronville","date":"7 novembre 2021","format":false,"excerpt":"Derni\u00e8res mises \u00e0 jour : Novembre 2023 C\u2019est \u00e0 Faronville dans le d\u00e9partement du Loiret que Paul-Henri et Pauline LELUC on reprit l\u2019exploitation familial en 2007.\u00a0 Statut Whisky en production. Vodkas, Gin et eau-de-vie de Pomme de terre disponible. Capacit\u00e9 de production \u00a0 Localisation Ferme-Distillerie de FARONVILLE 1 Pl. de\u2026","rel":"","context":"Article similaire","img":{"alt_text":"","src":"https:\/\/i0.wp.com\/whisky-francais.com\/wp-content\/uploads\/2023\/10\/faronville-lagomorphe-whisky-francais-logo.jpg?resize=350%2C200&ssl=1","width":350,"height":200},"classes":[]}],"_links":{"self":[{"href":"https:\/\/whisky-francais.com\/index.php\/wp-json\/wp\/v2\/pages\/8005"}],"collection":[{"href":"https:\/\/whisky-francais.com\/index.php\/wp-json\/wp\/v2\/pages"}],"about":[{"href":"https:\/\/whisky-francais.com\/index.php\/wp-json\/wp\/v2\/types\/page"}],"author":[{"embeddable":true,"href":"https:\/\/whisky-francais.com\/index.php\/wp-json\/wp\/v2\/users\/1"}],"replies":[{"embeddable":true,"href":"https:\/\/whisky-francais.com\/index.php\/wp-json\/wp\/v2\/comments?post=8005"}],"version-history":[{"count":6,"href":"https:\/\/whisky-francais.com\/index.php\/wp-json\/wp\/v2\/pages\/8005\/revisions"}],"predecessor-version":[{"id":8019,"href":"https:\/\/whisky-francais.com\/index.php\/wp-json\/wp\/v2\/pages\/8005\/revisions\/8019"}],"wp:featuredmedia":[{"embeddable":true,"href":"https:\/\/whisky-francais.com\/index.php\/wp-json\/wp\/v2\/media\/8009"}],"wp:attachment":[{"href":"https:\/\/whisky-francais.com\/index.php\/wp-json\/wp\/v2\/media?parent=8005"}],"curies":[{"name":"wp","href":"https:\/\/api.w.org\/{rel}","templated":true}]}}