{"id":8158,"date":"2025-11-30T17:26:10","date_gmt":"2025-11-30T16:26:10","guid":{"rendered":"https:\/\/whisky-francais.com\/?page_id=8158"},"modified":"2025-11-30T17:26:10","modified_gmt":"2025-11-30T16:26:10","slug":"san-roce","status":"publish","type":"page","link":"https:\/\/whisky-francais.com\/index.php\/san-roce\/","title":{"rendered":"San Roc\u00e9"},"content":{"rendered":"\n<p>Situ\u00e9 \u00e0 Jans, en Loire-Atlantique, la brasserie de San Roc\u00e9 s\u2019est \u00e9quip\u00e9e d\u2019un alambic Coyac centenaire pour la production d&rsquo;un whisky r\u00e9solument artisanal. Retour sur l\u2019histoire de ce nouvel acteur sur la sc\u00e8ne du whisky fran\u00e7ais.<\/p>\n<table width=\"595\">\n<tbody>\n<tr>\n<td width=\"180\">\n<p>Statut<\/p>\n<\/td>\n<td width=\"415\">\n<p>En production<\/p>\n<\/td>\n<\/tr>\n<tr>\n<td width=\"180\">\n<p>Localisation<\/p>\n<\/td>\n<td width=\"415\">\n<p>Jans, Loire-Atlantique (France)<\/p>\n<\/td>\n<\/tr>\n<tr>\n<td width=\"180\">\n<p>Volume de Production<\/p>\n<\/td>\n<td width=\"415\">\n<p>Objectif : environ 10 barriques\/an (production tr\u00e8s confidentielle)<\/p>\n<\/td>\n<\/tr>\n<tr>\n<td width=\"180\">\n<p>Dates Cl\u00e9s<\/p>\n<\/td>\n<td width=\"415\">\n<p>2010 : Premi\u00e8res bi\u00e8res San Roc\u00e9 (brassage)<\/p>\n<p>2014 : Cr\u00e9ation officielle de la brasserie San Roc\u00e9<\/p>\n<p>2016 : Premi\u00e8res distillations de whisky (d\u00e9but des essais)<\/p>\n<p>2020 : Acquisition et installation d\u2019un alambic Coyac ancien<\/p>\n<p>2021 : Premi\u00e8re commercialisation du whisky Mac Roc\u00e9 distill\u00e9 \u00e0 la roche aux f\u00e9es<\/p>\n<p>2025\u00a0: Premi\u00e8re commercialisation du whisky Mac Roc\u00e9 100% issu de la brasserie\/distillerie.<\/p>\n<\/td>\n<\/tr>\n<tr>\n<td width=\"180\">\n<p>Personnages Cl\u00e9s<\/p>\n<\/td>\n<td width=\"415\">\n<p>Jos\u00e9 P\u00e9niguel (fondateur)<\/p>\n<p><br \/>Gonny &amp; Henri Everts (partenaires de distillation, Distillerie La Roche aux f\u00e9es)<\/p>\n<\/td>\n<\/tr>\n<tr>\n<td width=\"180\">\n<p>Gamme<\/p>\n<\/td>\n<td width=\"415\">\n<p>Mac Roc\u00e9 \u2014 Single Malt \u2022 50 cL \u2022 43 % vol.<\/p>\n<p><blockquote class=\"wp-embedded-content\" data-secret=\"Jhoj2Rv36I\"><a href=\"https:\/\/whisky-francais.com\/index.php\/2022\/07\/10\/la-brasserie-distillerie-san-roce\/\">La Brasserie (distillerie) San Roc\u00e9<\/a><\/blockquote><iframe loading=\"lazy\" class=\"wp-embedded-content\" sandbox=\"allow-scripts\" security=\"restricted\" style=\"position: absolute; visibility: hidden;\" title=\"\u00ab\u00a0La Brasserie (distillerie) San Roc\u00e9\u00a0\u00bb &#8212; \" src=\"https:\/\/whisky-francais.com\/index.php\/2022\/07\/10\/la-brasserie-distillerie-san-roce\/embed\/#?secret=KVKKILGWRF#?secret=Jhoj2Rv36I\" data-secret=\"Jhoj2Rv36I\" width=\"600\" height=\"338\" frameborder=\"0\" marginwidth=\"0\" marginheight=\"0\" scrolling=\"no\"><\/iframe><\/p>\n<\/td>\n<\/tr>\n<tr>\n<td width=\"180\">\n<p>Eau<\/p>\n<\/td>\n<td width=\"415\">\n<p>Eau locale utilis\u00e9e pour le brassage et la r\u00e9duction<\/p>\n<\/td>\n<\/tr>\n<tr>\n<td width=\"180\">\n<p>C\u00e9r\u00e9ale(s)<\/p>\n<\/td>\n<td width=\"415\">\n<p>Orge malt\u00e9e biologique<\/p>\n<\/td>\n<\/tr>\n<tr>\n<td width=\"180\">\n<p>Fermentation\/Levures<\/p>\n<\/td>\n<td width=\"415\">\u00a0<\/td>\n<\/tr>\n<tr>\n<td width=\"180\">\n<p>Alambics<\/p>\n<\/td>\n<td width=\"415\">\n<p>Coyac\u00a0<\/p>\n<p><blockquote class=\"wp-embedded-content\" data-secret=\"SBIEiBspcq\"><a href=\"https:\/\/whisky-francais.com\/index.php\/2019\/11\/19\/coyac-lalambic-de-la-roche-aux-fees\/\">COYAC, l&rsquo;alambic de la roche aux F\u00e9es<\/a><\/blockquote><iframe loading=\"lazy\" class=\"wp-embedded-content\" sandbox=\"allow-scripts\" security=\"restricted\" style=\"position: absolute; visibility: hidden;\" title=\"\u00ab\u00a0COYAC, l&rsquo;alambic de la roche aux F\u00e9es\u00a0\u00bb &#8212; \" src=\"https:\/\/whisky-francais.com\/index.php\/2019\/11\/19\/coyac-lalambic-de-la-roche-aux-fees\/embed\/#?secret=vuO5zypyyi#?secret=SBIEiBspcq\" data-secret=\"SBIEiBspcq\" width=\"600\" height=\"338\" frameborder=\"0\" marginwidth=\"0\" marginheight=\"0\" scrolling=\"no\"><\/iframe><\/p>\n<\/td>\n<\/tr>\n<tr>\n<td width=\"180\">\n<p>Distillation<\/p>\n<\/td>\n<td width=\"415\">\n<p>Distillation traditionnelle \u00e0 l\u2019ancienne (chauffe au feu de bois). L\u2019alambic effectue une double distillation en une passe.<\/p>\n<\/td>\n<\/tr>\n<tr>\n<td width=\"180\">\n<p>Type de chai<\/p>\n<\/td>\n<td width=\"415\">\n<p>Non r\u00e9gul\u00e9<\/p>\n<\/td>\n<\/tr>\n<tr>\n<td width=\"180\">\n<p>F\u00fbt(s)<\/p>\n<\/td>\n<td width=\"415\">\n<p>Jos\u00e9 travail sur des f\u00fbts de vin (coteaux-du-layon), de sherry (oloroso) et effectue des finish en f\u00fbts de bi\u00e8re triple de la brasserie (La Janette)<\/p>\n<\/td>\n<\/tr>\n<tr>\n<td width=\"180\">\n<p>Donn\u00e9es Territoriales<\/p>\n<\/td>\n<td width=\"415\">\n<p>\u00a0<\/p>\n<\/td>\n<\/tr>\n<tr>\n<td width=\"180\">\n<p>Notes<\/p>\n<\/td>\n<td width=\"415\">\n<p>\u00a0<\/p>\n<\/td>\n<\/tr>\n<tr>\n<td width=\"180\">\n<p>Site Web<\/p>\n<\/td>\n<td width=\"415\">\n<p>https:\/\/brasseriesanroce.fr\/<\/p>\n<\/td>\n<\/tr>\n<\/tbody>\n<\/table>\n<p>\u00a0<\/p>\n<p>\u00a0<\/p>\n<p>\u00a0<\/p>\n<p>\u00a0<\/p>\n","protected":false},"excerpt":{"rendered":"<p>Situ\u00e9 \u00e0 Jans, en Loire-Atlantique, la brasserie de San Roc\u00e9 s\u2019est \u00e9quip\u00e9e d\u2019un alambic Coyac centenaire pour la production d&rsquo;un<\/p>\n","protected":false},"author":1,"featured_media":6469,"parent":0,"menu_order":0,"comment_status":"closed","ping_status":"closed","template":"","meta":{"jetpack_post_was_ever_published":false,"footnotes":""},"class_list":["post-8158","page","type-page","status-publish","has-post-thumbnail","hentry"],"jetpack_sharing_enabled":true,"jetpack_shortlink":"https:\/\/wp.me\/P8oZPa-27A","jetpack-related-posts":[{"id":3427,"url":"https:\/\/whisky-francais.com\/index.php\/distilleries\/la-fabrique-des-bieres-danjou\/","url_meta":{"origin":8158,"position":0},"title":"LA FABRIQUE DES BI\u00c8RES D&rsquo;ANJOU dite LA PIAUTRE","date":"22 f\u00e9vrier 2018","format":false,"excerpt":"La Fabrique des Bi\u00e8res d'Anjou aussi connue sous le nom de La Piautre, est une brasserie-malterie-distillerie fran\u00e7aise nich\u00e9e sur les bords de la Loire. Fier de son territoire et des ressources qui en d\u00e9coulent, Vincent Leli\u00e8vre montre une vive volont\u00e9 de ne travailler qu'avec des produits de la r\u00e9gion. \u00ab\u00a0Nous\u2026","rel":"","context":"Article similaire","img":{"alt_text":"Fabrique des Bi\u00e8res d'Anjou, brasserie, malterie, distillerie, la Gare, Loire, Vincent Leli\u00e8vre, Gilles Boudier, Yann Leroux, agriculture biologique, Single Malt, Single Malt Tourb\u00e9, Rye, orge, seigle, grand \u00e9peautre, alambic, chenin, C\u00f4teaux de l'Aubance, C\u00f4teaux du layon, whisky Fran\u00e7ais, French Whisky, malt, Matthieu Acar, Xavier Brevet, d\u00e9gustation, whisky, masterclass, acad\u00e9mie, Paris, atelier, d\u00e9gustation, whisky","src":"https:\/\/i0.wp.com\/whisky-francais.com\/wp-content\/uploads\/2018\/02\/05-Logos-La-Piautre.jpg?resize=350%2C200&ssl=1","width":350,"height":200},"classes":[]},{"id":968,"url":"https:\/\/whisky-francais.com\/index.php\/distilleries\/la-roche-aux-fees-sainte-colombe\/","url_meta":{"origin":8158,"position":1},"title":"Distillerie La Roche aux F\u00e9es","date":"23 avril 2017","format":false,"excerpt":"Derni\u00e8re mise \u00e0 jour : Mai 2025 La brasserie Sainte colombe c'est d'abord illustr\u00e9 par la qualit\u00e9 de ses bi\u00e8res avant de se lancer dans la production de whisky. Pour ses spiritueux, la brasserie a donn\u00e9 naissance \u00e0 \"la distillerie de la roche aux f\u00e9es\" faisant ainsi \u00e9cho au dolmen\u2026","rel":"","context":"Article similaire","img":{"alt_text":"","src":"https:\/\/i0.wp.com\/whisky-francais.com\/wp-content\/uploads\/2017\/04\/la-roche-au-fees-2.jpg?resize=350%2C200","width":350,"height":200},"classes":[]},{"id":3935,"url":"https:\/\/whisky-francais.com\/index.php\/distilleries\/la-mine-dor\/","url_meta":{"origin":8158,"position":2},"title":"La Mine d&rsquo;Or","date":"13 d\u00e9cembre 2018","format":false,"excerpt":"Cr\u00e9\u00e9e en 2016 par St\u00e9phane Kerdod\u00e9, la distillerie de La Mine d\u2019Or s\u2019appuie sur le savoir-faire et l\u2019exp\u00e9rience de la brasserie Lancelot dans la confection de son whisky. C\u2019est \u00e0 travers cette activit\u00e9 que la distillerie redonne vie \u00e0 un site o\u00f9 s\u2019activaient jadis des centaines de mineurs en qu\u00eate\u2026","rel":"","context":"Article similaire","img":{"alt_text":"","src":"https:\/\/i0.wp.com\/whisky-francais.com\/wp-content\/uploads\/2018\/12\/LMD1-min.jpg?resize=350%2C200","width":350,"height":200},"classes":[]},{"id":56,"url":"https:\/\/whisky-francais.com\/index.php\/distilleries\/","url_meta":{"origin":8158,"position":3},"title":"Producteurs \/ Distilleries","date":"11 f\u00e9vrier 2017","format":false,"excerpt":"Auvergne-Rh\u00f4ne-Alpes Distillerie du Drac Distillerie des Bughes Distillerie du Vercors Domaine des Hautes Glaces Distillerie des Hautes Terres AlpSpirits (ferm\u00e9e) Monsieur Balthazar Mont Blanc Ninkasi O\u2019Baptiste (Ne produit plus de whisky) Bourgogne-Franche-Comt\u00e9 Br\u00fblerie du Revermont Michel Couvreur Rouget de Lisle Bretagne La Bambelle Distillerie des Menhirs Distillerie FDC (Bale Bro)\u2026","rel":"","context":"Article similaire","img":{"alt_text":"","src":"","width":0,"height":0},"classes":[]},{"id":137,"url":"https:\/\/whisky-francais.com\/index.php\/distilleries\/rouget-de-lisle\/","url_meta":{"origin":8158,"position":4},"title":"Rouget de Lisle","date":"17 f\u00e9vrier 2017","format":false,"excerpt":"Bi\u00e8rophile depuis toujours et autodidacte par essence, Bruno Mangin \u2013 ex chef cuisinier & fondateur de la brasserie Rouget de Lisle \u2013 se lance dans la fabrication de whisky au cours des ann\u00e9es 2000. Sa volont\u00e9\u00a0? \u00ab\u00a0Fabriquer un whisky qui soit le reflet du terroir Jurassien\u00a0\u00bb. Statut Produit et Commercialise\u2026","rel":"","context":"Article similaire","img":{"alt_text":"","src":"https:\/\/i0.wp.com\/whisky-francais.com\/wp-content\/uploads\/2017\/02\/HOLSTEINRDL-811x1024.jpeg?resize=350%2C200","width":350,"height":200},"classes":[]},{"id":3954,"url":"https:\/\/whisky-francais.com\/index.php\/distilleries\/distillerie-du-mont-blanc\/","url_meta":{"origin":8158,"position":5},"title":"Distillerie du Mont Blanc","date":"14 d\u00e9cembre 2018","format":false,"excerpt":"C\u2019est au c\u0153ur des Alpes, \u00e0 La Motte-Servolex, qu'en 1999, Sylvain Chiron fera renaitre la brasserie du Mont Blanc, fleuron brassicole qui officia de 1830 avant de cesser toutes activit\u00e9s en 1966. D\u00e8s le d\u00e9part, la dimension distillerie est int\u00e9gr\u00e9e au projet mais il faudra attendre plus de 15 ans\u2026","rel":"","context":"Article similaire","img":{"alt_text":"Distillerie du Mont Blanc, Sylvain Chiron, La Motte-Servolex, Les Houches, Enchapleuze, Orge, Stupfler, Dolin, whisky Fran\u00e7ais, French whisky, France, Lilya Sekkal, Matthieu Acar, Xavier Brevet, d\u00e9gustation, masterclass, atelier","src":"https:\/\/i0.wp.com\/whisky-francais.com\/wp-content\/uploads\/2018\/12\/LOGO-DISTILLERIE-DU-MONT-BLANC-DIEU-au-trait-NEW.png?resize=350%2C200&ssl=1","width":350,"height":200},"classes":[]}],"_links":{"self":[{"href":"https:\/\/whisky-francais.com\/index.php\/wp-json\/wp\/v2\/pages\/8158"}],"collection":[{"href":"https:\/\/whisky-francais.com\/index.php\/wp-json\/wp\/v2\/pages"}],"about":[{"href":"https:\/\/whisky-francais.com\/index.php\/wp-json\/wp\/v2\/types\/page"}],"author":[{"embeddable":true,"href":"https:\/\/whisky-francais.com\/index.php\/wp-json\/wp\/v2\/users\/1"}],"replies":[{"embeddable":true,"href":"https:\/\/whisky-francais.com\/index.php\/wp-json\/wp\/v2\/comments?post=8158"}],"version-history":[{"count":2,"href":"https:\/\/whisky-francais.com\/index.php\/wp-json\/wp\/v2\/pages\/8158\/revisions"}],"predecessor-version":[{"id":8160,"href":"https:\/\/whisky-francais.com\/index.php\/wp-json\/wp\/v2\/pages\/8158\/revisions\/8160"}],"wp:featuredmedia":[{"embeddable":true,"href":"https:\/\/whisky-francais.com\/index.php\/wp-json\/wp\/v2\/media\/6469"}],"wp:attachment":[{"href":"https:\/\/whisky-francais.com\/index.php\/wp-json\/wp\/v2\/media?parent=8158"}],"curies":[{"name":"wp","href":"https:\/\/api.w.org\/{rel}","templated":true}]}}