{"id":968,"date":"2017-04-23T17:53:22","date_gmt":"2017-04-23T15:53:22","guid":{"rendered":"http:\/\/whisky-francais.com\/?page_id=968"},"modified":"2025-05-23T21:12:32","modified_gmt":"2025-05-23T19:12:32","slug":"la-roche-aux-fees-sainte-colombe","status":"publish","type":"page","link":"https:\/\/whisky-francais.com\/index.php\/distilleries\/la-roche-aux-fees-sainte-colombe\/","title":{"rendered":"Distillerie La Roche aux F\u00e9es"},"content":{"rendered":"<p style=\"text-align: right;\">Derni\u00e8re mise \u00e0 jour : Mai 2025<\/p>\n<p><img loading=\"lazy\" decoding=\"async\" data-attachment-id=\"4363\" data-permalink=\"https:\/\/whisky-francais.com\/index.php\/distilleries\/la-roche-aux-fees-sainte-colombe\/distillerie-la-roche-au-fees-whisky-francais\/\" data-orig-file=\"https:\/\/whisky-francais.com\/wp-content\/uploads\/2017\/04\/distillerie-la-roche-au-fees-whisky-francais.jpg\" data-orig-size=\"348,154\" data-comments-opened=\"0\" data-image-meta=\"{&quot;aperture&quot;:&quot;0&quot;,&quot;credit&quot;:&quot;&quot;,&quot;camera&quot;:&quot;&quot;,&quot;caption&quot;:&quot;&quot;,&quot;created_timestamp&quot;:&quot;0&quot;,&quot;copyright&quot;:&quot;&quot;,&quot;focal_length&quot;:&quot;0&quot;,&quot;iso&quot;:&quot;0&quot;,&quot;shutter_speed&quot;:&quot;0&quot;,&quot;title&quot;:&quot;&quot;,&quot;orientation&quot;:&quot;1&quot;}\" data-image-title=\"distillerie la roche au fees whisky francais\" data-image-description=\"\" data-image-caption=\"\" data-medium-file=\"https:\/\/whisky-francais.com\/wp-content\/uploads\/2017\/04\/distillerie-la-roche-au-fees-whisky-francais-300x133.jpg\" data-large-file=\"https:\/\/whisky-francais.com\/wp-content\/uploads\/2017\/04\/distillerie-la-roche-au-fees-whisky-francais.jpg\" class=\"aligncenter wp-image-4363 size-full\" src=\"https:\/\/whisky-francais.com\/wp-content\/uploads\/2017\/04\/distillerie-la-roche-au-fees-whisky-francais.jpg\" alt=\"\" width=\"348\" height=\"154\" srcset=\"https:\/\/whisky-francais.com\/wp-content\/uploads\/2017\/04\/distillerie-la-roche-au-fees-whisky-francais.jpg 348w, https:\/\/whisky-francais.com\/wp-content\/uploads\/2017\/04\/distillerie-la-roche-au-fees-whisky-francais-300x133.jpg 300w\" sizes=\"(max-width: 348px) 100vw, 348px\" \/><\/p>\n<p>La brasserie Sainte colombe c&rsquo;est d&rsquo;abord illustr\u00e9 par la qualit\u00e9 de ses bi\u00e8res avant de se lancer dans la production de whisky.<br \/>\nPour ses spiritueux, la brasserie a donn\u00e9 naissance \u00e0 \u00ab\u00a0la distillerie de la roche aux f\u00e9es\u00a0\u00bb faisant ainsi \u00e9cho au dolmen \u00e9ponyme dont la construction serait l&rsquo;\u0153uvre des f\u00e9es !<\/p>\n<table>\n<tbody>\n<tr style=\"height: 40px;\">\n<td style=\"width: 199px; height: 40px;\">Statut<\/td>\n<td style=\"width: 524px; height: 40px;\">Produit et Commercialise son propre whisky<\/td>\n<\/tr>\n<tr style=\"height: 40px;\">\n<td style=\"width: 199px; height: 40px;\">Localisation<\/td>\n<td style=\"width: 524px; height: 40px;\">La Landelle &#8211; 35134 Sainte-Colombe<\/td>\n<\/tr>\n<tr style=\"height: 69px;\">\n<td style=\"width: 199px; height: 69px;\">Volume de Production<\/td>\n<td style=\"width: 524px; height: 69px;\">50 f\u00fbts par an.<\/td>\n<\/tr>\n<tr style=\"height: 220.153px;\">\n<td style=\"width: 199px; height: 220.153px;\">Dates Cl\u00e9s<\/td>\n<td style=\"width: 524px; height: 220.153px;\">1996 : Lancement de la brasserie sainte colombe.2010 : Premi\u00e8res distillations en collaboration avec Gilles Boudier, un bouilleur de cru local.<\/p>\n<p>2015 : Acquisition d&rsquo;un alambic COYAC.<\/p>\n<p>2025 : Cr\u00e9ation de la marque SKILT (\u00ab\u00a0schiste\u00a0\u00bb en Breton).<\/td>\n<\/tr>\n<tr style=\"height: 195px;\">\n<td style=\"width: 199px; height: 195px;\">Personnages Cl\u00e9s<\/td>\n<td style=\"width: 524px; height: 195px;\">Henri &amp; Gonny EVERTS : Fondateur et fondatrice de la brasserie puis de la distillerie.<\/td>\n<\/tr>\n<tr style=\"height: 420px;\">\n<td style=\"width: 199px; height: 420px;\">Gamme<\/td>\n<td style=\"width: 524px; height: 420px;\">Ki Gwenn : Alcool blanc de seigle, Bl\u00e9, Bl\u00e9 noir et orge (plus de production)<\/p>\n<p>Brume bretonne : une liqueur de whisky.<\/p>\n<p>SKILT Roc&rsquo;Elf<\/p>\n<blockquote><p>Roc&rsquo;elf est un whisky single malt, \u00e9l\u00e9gant et aromatique, en vente depuis 2015. Celui-ci est distill\u00e9 avec un alambic \u00e0 repasse Nantais \u00ab\u00a0Coyac\u00a0\u00bb, de 1950, unique en son genre, garant d&rsquo;une lente chauffe directe \u00e0 feu nu aux granul\u00e9s de bois. Nous utilisons du \u00ab\u00a0distilling\u00a0\u00bb malt, vari\u00e9t\u00e9 Laur\u00e9ate, cultiv\u00e9 en France. La fermentation se fait avec les deux souches de levure fra\u00eeche de bi\u00e8re.<\/p>\n<p>Notre eau-de-vie est vieillie au moins cinq ans en f\u00fbt de ch\u00eane. Tout d&rsquo;abord en f\u00fbts de vin blanc (Coteaux de Layon, Sauternes, Monbazillac), ensuite dans des f\u00fbts Bourbons ou dans des f\u00fbts ayant \u00e9t\u00e9 utilis\u00e9s pour la bi\u00e8re Vin d&rsquo;Orge.<\/p><\/blockquote>\n<p>SKILT L&rsquo;omne fort<\/p>\n<blockquote><p>L&rsquo;Onm Fort est le nom d&rsquo;un menhir de 3 m\u00e8tres de hauteur, se trouvant dans une for\u00eat pr\u00e8s de la distillerie. Il s\u2019agit de notre whisky single malt tourb\u00e9, disponible depuis fin 2022. Le c\u00f4t\u00e9 \u00ab\u00a0peated\u00a0\u00bb est pr\u00e9sent tout en restant d\u00e9licat. Notre malt tourb\u00e9 est achet\u00e9 en Ecosse, chez Crisp, une valeur s\u00fbre.<\/p>\n<p>La distillation et le vieillissement en f\u00fbts se d\u00e9roulent comme pour le Roc&rsquo;Elf.<\/p><\/blockquote>\n<\/td>\n<\/tr>\n<tr style=\"height: 40px;\">\n<td style=\"width: 199px; height: 40px;\">Eau<\/td>\n<td style=\"width: 524px; height: 40px;\">Eau de ville<\/td>\n<\/tr>\n<tr style=\"height: 40px;\">\n<td style=\"width: 199px; height: 40px;\">C\u00e9r\u00e9ales<\/td>\n<td style=\"width: 524px; height: 40px;\">Seigle, Bl\u00e9, Bl\u00e9 noir et orge.<\/td>\n<\/tr>\n<tr style=\"height: 69px;\">\n<td style=\"width: 199px; height: 69px;\">Levures<\/td>\n<td style=\"width: 524px; height: 69px;\">La distillerie dispose de deux souches de levures brassicoles cultiv\u00e9es par leur soin.<\/td>\n<\/tr>\n<tr style=\"height: 166px;\">\n<td style=\"width: 199px; height: 166px;\">Fermentation<\/td>\n<td style=\"width: 524px; height: 166px;\">Fermentation haute : la fermentation d\u00e9marre \u00e0 15\u00b0C et ne d\u00e9passe pas les 25\u00b0C.La dur\u00e9e de fermentation est longue, elle oscille de quatre \u00e0 cinq jours.<\/td>\n<\/tr>\n<tr style=\"height: 195px;\">\n<td style=\"width: 199px; height: 195px;\">Alambics<\/td>\n<td style=\"width: 524px; height: 195px;\"><img loading=\"lazy\" decoding=\"async\" data-attachment-id=\"4366\" data-permalink=\"https:\/\/whisky-francais.com\/index.php\/distilleries\/la-roche-aux-fees-sainte-colombe\/20160122_105700\/\" data-orig-file=\"https:\/\/whisky-francais.com\/wp-content\/uploads\/2017\/04\/20160122_105700.jpeg\" data-orig-size=\"960,1280\" data-comments-opened=\"0\" data-image-meta=\"{&quot;aperture&quot;:&quot;0&quot;,&quot;credit&quot;:&quot;&quot;,&quot;camera&quot;:&quot;&quot;,&quot;caption&quot;:&quot;&quot;,&quot;created_timestamp&quot;:&quot;0&quot;,&quot;copyright&quot;:&quot;&quot;,&quot;focal_length&quot;:&quot;0&quot;,&quot;iso&quot;:&quot;0&quot;,&quot;shutter_speed&quot;:&quot;0&quot;,&quot;title&quot;:&quot;&quot;,&quot;orientation&quot;:&quot;0&quot;}\" data-image-title=\"20160122_105700\" data-image-description=\"\" data-image-caption=\"\" data-medium-file=\"https:\/\/whisky-francais.com\/wp-content\/uploads\/2017\/04\/20160122_105700-225x300.jpeg\" data-large-file=\"https:\/\/whisky-francais.com\/wp-content\/uploads\/2017\/04\/20160122_105700-768x1024.jpeg\" class=\" wp-image-4366 alignleft\" src=\"https:\/\/whisky-francais.com\/wp-content\/uploads\/2017\/04\/20160122_105700-225x300.jpeg\" alt=\"\" width=\"180\" height=\"240\" srcset=\"https:\/\/whisky-francais.com\/wp-content\/uploads\/2017\/04\/20160122_105700-225x300.jpeg 225w, https:\/\/whisky-francais.com\/wp-content\/uploads\/2017\/04\/20160122_105700-768x1024.jpeg 768w, https:\/\/whisky-francais.com\/wp-content\/uploads\/2017\/04\/20160122_105700.jpeg 960w\" sizes=\"(max-width: 180px) 100vw, 180px\" \/><a href=\"https:\/\/whisky-francais.com\/index.php\/2019\/11\/19\/coyac-lalambic-de-la-roche-aux-fees\/\">Alambic de la marque COYAC fabriqu\u00e9 \u00e0 Nantes dans les ann\u00e9es 50.<\/a>Cet appareil \u00e9tait anciennement d\u00e9volu \u00e0 la distillation de cidre.<\/p>\n<p>Chauffage \u00e0 flamme nue aliment\u00e9 par des granul\u00e9s de bois<\/td>\n<\/tr>\n<tr style=\"height: 195px;\">\n<td style=\"width: 199px; height: 195px;\">Distillation<\/td>\n<td style=\"width: 524px; height: 195px;\">Distillation en colonne par un bouilleur de cru de 2010 \u00e0 2015.Double distillation depuis 2015 dans l&rsquo;alambic COYAC.<\/p>\n<p>La distillation dure 4 heures par batch, l&rsquo;alambic est charg\u00e9 avec 300 litres de mo\u00fbt de malt \u00e0 7,5% alc ce qui permet d&rsquo;obtenir 25 litres de c\u0153ur \u00e0 74% alc.<\/p>\n<p>Le distillat est ensuite r\u00e9duit pour un enf\u00fbtage \u00e0 63% alc.<\/td>\n<\/tr>\n<tr style=\"height: 40px;\">\n<td style=\"width: 199px; height: 40px;\">Type de chai<\/td>\n<td style=\"width: 524px; height: 40px;\"><img loading=\"lazy\" decoding=\"async\" data-attachment-id=\"4368\" data-permalink=\"https:\/\/whisky-francais.com\/index.php\/distilleries\/la-roche-aux-fees-sainte-colombe\/chai1-la-roche-au-fees\/\" data-orig-file=\"https:\/\/whisky-francais.com\/wp-content\/uploads\/2017\/04\/chai1-la-roche-au-fees.jpg\" data-orig-size=\"519,778\" data-comments-opened=\"0\" data-image-meta=\"{&quot;aperture&quot;:&quot;3.5&quot;,&quot;credit&quot;:&quot;&quot;,&quot;camera&quot;:&quot;Canon EOS 550D&quot;,&quot;caption&quot;:&quot;&quot;,&quot;created_timestamp&quot;:&quot;1557335002&quot;,&quot;copyright&quot;:&quot;&quot;,&quot;focal_length&quot;:&quot;21&quot;,&quot;iso&quot;:&quot;1600&quot;,&quot;shutter_speed&quot;:&quot;0.25&quot;,&quot;title&quot;:&quot;&quot;,&quot;orientation&quot;:&quot;1&quot;}\" data-image-title=\"chai1 la roche au fees\" data-image-description=\"\" data-image-caption=\"\" data-medium-file=\"https:\/\/whisky-francais.com\/wp-content\/uploads\/2017\/04\/chai1-la-roche-au-fees-200x300.jpg\" data-large-file=\"https:\/\/whisky-francais.com\/wp-content\/uploads\/2017\/04\/chai1-la-roche-au-fees.jpg\" class=\"size-medium wp-image-4368 alignright\" src=\"https:\/\/whisky-francais.com\/wp-content\/uploads\/2017\/04\/chai1-la-roche-au-fees-200x300.jpg\" alt=\"\" width=\"200\" height=\"300\" srcset=\"https:\/\/whisky-francais.com\/wp-content\/uploads\/2017\/04\/chai1-la-roche-au-fees-200x300.jpg 200w, https:\/\/whisky-francais.com\/wp-content\/uploads\/2017\/04\/chai1-la-roche-au-fees.jpg 519w\" sizes=\"(max-width: 200px) 100vw, 200px\" \/>La distillerie dispose de deux chais distincts, conform\u00e9ment au cahier des charges de l&rsquo;IGP whisky Breton, la temp\u00e9rature est r\u00e9gul\u00e9e naturellement. Le Chai num\u00e9ro 1 est semi-enterr\u00e9 et est plut\u00f4t humide. Le Chai num\u00e9ro 2 est une battisse a proximit\u00e9 de la distillerie et est plut\u00f4t sec.<br \/>\nPour l&rsquo;anecdote le chai num\u00e9ro 1 est construit sur du schiste bleu identique \u00e0 celui qui compose les dolmens de la roche aux f\u00e9es.<\/td>\n<\/tr>\n<tr style=\"height: 40px;\">\n<td style=\"width: 199px; height: 40px;\">F\u00fbt(s)<\/td>\n<td style=\"width: 524px; height: 40px;\">F\u00fbts de vin du Layon<br \/>\nF\u00fbts de Sauternes<br \/>\nF\u00fbts de Monbazillac<br \/>\nF\u00fbts de BourbonBarriques de bi\u00e8res<\/td>\n<\/tr>\n<tr style=\"height: 40px;\">\n<td style=\"width: 199px; height: 40px;\">Donn\u00e9es Territoriales<\/td>\n<td style=\"width: 524px; height: 40px;\">Climat Oc\u00e9aniquePart des anges de 3 \u00e0 4%<\/td>\n<\/tr>\n<tr style=\"height: 40px;\">\n<td style=\"width: 199px; height: 40px;\">Notes<\/td>\n<td style=\"width: 524px; height: 40px;\">La r\u00e9duction du whisky est faite de fa\u00e7on lente tout au long de l&rsquo;ann\u00e9e pr\u00e9c\u00e9dant l&#8217;embouteillage.Le whisky est non filtr\u00e9 a froid et est r\u00e9duit \u00e0 43%.<\/p>\n<p>La roche aux f\u00e9es adh\u00e8re \u00e0 <a href=\"https:\/\/whisky-francais.com\/index.php\/2017\/08\/07\/igp-whisky-alsacien-vs-whisky-breton\/\">l&rsquo;IGP\u00a0 \u00ab\u00a0Whisky de Bretagne\u00a0\u00bb<\/a><\/td>\n<\/tr>\n<tr style=\"height: 40px;\">\n<td style=\"width: 199px; height: 40px;\">Site Web<\/td>\n<td style=\"width: 524px; height: 40px;\"><a href=\"http:\/\/brasserie-sainte-colombe.com\/\">\u00a0http:\/\/brasserie-sainte-colombe.com\/<\/a><\/td>\n<\/tr>\n<\/tbody>\n<\/table>\n<p><img loading=\"lazy\" decoding=\"async\" data-attachment-id=\"4361\" data-permalink=\"https:\/\/whisky-francais.com\/index.php\/distilleries\/la-roche-aux-fees-sainte-colombe\/la-roche-au-fees-2\/\" data-orig-file=\"https:\/\/whisky-francais.com\/wp-content\/uploads\/2017\/04\/la-roche-au-fees-2.jpg\" data-orig-size=\"1258,862\" data-comments-opened=\"0\" data-image-meta=\"{&quot;aperture&quot;:&quot;7.1&quot;,&quot;credit&quot;:&quot;&quot;,&quot;camera&quot;:&quot;Canon EOS 550D&quot;,&quot;caption&quot;:&quot;&quot;,&quot;created_timestamp&quot;:&quot;1557329248&quot;,&quot;copyright&quot;:&quot;&quot;,&quot;focal_length&quot;:&quot;24&quot;,&quot;iso&quot;:&quot;100&quot;,&quot;shutter_speed&quot;:&quot;0.01&quot;,&quot;title&quot;:&quot;&quot;,&quot;orientation&quot;:&quot;1&quot;}\" data-image-title=\"la roche au fees 2\" data-image-description=\"\" data-image-caption=\"\" data-medium-file=\"https:\/\/whisky-francais.com\/wp-content\/uploads\/2017\/04\/la-roche-au-fees-2-300x206.jpg\" data-large-file=\"https:\/\/whisky-francais.com\/wp-content\/uploads\/2017\/04\/la-roche-au-fees-2-1024x702.jpg\" class=\"alignnone wp-image-4361 size-full\" src=\"https:\/\/whisky-francais.com\/wp-content\/uploads\/2017\/04\/la-roche-au-fees-2.jpg\" alt=\"\" width=\"1258\" height=\"862\" srcset=\"https:\/\/whisky-francais.com\/wp-content\/uploads\/2017\/04\/la-roche-au-fees-2.jpg 1258w, https:\/\/whisky-francais.com\/wp-content\/uploads\/2017\/04\/la-roche-au-fees-2-300x206.jpg 300w, https:\/\/whisky-francais.com\/wp-content\/uploads\/2017\/04\/la-roche-au-fees-2-768x526.jpg 768w, https:\/\/whisky-francais.com\/wp-content\/uploads\/2017\/04\/la-roche-au-fees-2-1024x702.jpg 1024w\" sizes=\"(max-width: 1258px) 100vw, 1258px\" \/><\/p>\n<p><img loading=\"lazy\" decoding=\"async\" data-attachment-id=\"670\" data-permalink=\"https:\/\/whisky-francais.com\/index.php\/distilleries\/gilbert-holl\/certifie\/\" data-orig-file=\"https:\/\/whisky-francais.com\/wp-content\/uploads\/2017\/02\/certifie.jpg\" data-orig-size=\"125,125\" data-comments-opened=\"1\" data-image-meta=\"{&quot;aperture&quot;:&quot;0&quot;,&quot;credit&quot;:&quot;&quot;,&quot;camera&quot;:&quot;&quot;,&quot;caption&quot;:&quot;&quot;,&quot;created_timestamp&quot;:&quot;0&quot;,&quot;copyright&quot;:&quot;&quot;,&quot;focal_length&quot;:&quot;0&quot;,&quot;iso&quot;:&quot;0&quot;,&quot;shutter_speed&quot;:&quot;0&quot;,&quot;title&quot;:&quot;&quot;,&quot;orientation&quot;:&quot;1&quot;}\" data-image-title=\"Whisky Fran\u00e7ais &#8211; French Whisky, Matthieu Acar, Xavier Brevet, d\u00e9gustation, whisky, masterclass, Paris\" data-image-description=\"&lt;p&gt;Whisky Fran\u00e7ais &#8211; French Whisky, Matthieu Acar, Xavier Brevet, d\u00e9gustation, whisky, masterclass, Paris&lt;\/p&gt;\n\" data-image-caption=\"&lt;p&gt;Whisky Fran\u00e7ais &#8211; French Whisky, Matthieu Acar, Xavier Brevet, d\u00e9gustation, whisky, masterclass, Paris, atelier, d\u00e9gustation, whisky&lt;\/p&gt;\n\" data-medium-file=\"https:\/\/whisky-francais.com\/wp-content\/uploads\/2017\/02\/certifie.jpg\" data-large-file=\"https:\/\/whisky-francais.com\/wp-content\/uploads\/2017\/02\/certifie.jpg\" class=\"wp-image-670 aligncenter\" src=\"https:\/\/whisky-francais.com\/wp-content\/uploads\/2017\/02\/certifie.jpg\" alt=\"Whisky Fran\u00e7ais - French Whisky, Matthieu Acar, Xavier Brevet, d\u00e9gustation, whisky, masterclass, Paris, atelier, d\u00e9gustation, whisky\" width=\"91\" height=\"91\" srcset=\"https:\/\/whisky-francais.com\/wp-content\/uploads\/2017\/02\/certifie.jpg 125w, https:\/\/whisky-francais.com\/wp-content\/uploads\/2017\/02\/certifie-32x32.jpg 32w, https:\/\/whisky-francais.com\/wp-content\/uploads\/2017\/02\/certifie-50x50.jpg 50w, https:\/\/whisky-francais.com\/wp-content\/uploads\/2017\/02\/certifie-64x64.jpg 64w, https:\/\/whisky-francais.com\/wp-content\/uploads\/2017\/02\/certifie-96x96.jpg 96w\" sizes=\"(max-width: 91px) 100vw, 91px\" \/><\/p>\n","protected":false},"excerpt":{"rendered":"<p>Derni\u00e8re mise \u00e0 jour : Mai 2025 La brasserie Sainte colombe c&rsquo;est d&rsquo;abord illustr\u00e9 par la qualit\u00e9 de ses bi\u00e8res<\/p>\n","protected":false},"author":2,"featured_media":4363,"parent":56,"menu_order":0,"comment_status":"closed","ping_status":"closed","template":"","meta":{"jetpack_post_was_ever_published":false,"footnotes":""},"class_list":["post-968","page","type-page","status-publish","has-post-thumbnail","hentry"],"jetpack_sharing_enabled":true,"jetpack_shortlink":"https:\/\/wp.me\/P8oZPa-fC","jetpack-related-posts":[{"id":8158,"url":"https:\/\/whisky-francais.com\/index.php\/san-roce\/","url_meta":{"origin":968,"position":0},"title":"San Roc\u00e9","date":"30 novembre 2025","format":false,"excerpt":"Situ\u00e9 \u00e0 Jans, en Loire-Atlantique, la brasserie de San Roc\u00e9 s\u2019est \u00e9quip\u00e9e d\u2019un alambic Coyac centenaire pour la production d'un whisky r\u00e9solument artisanal. Retour sur l\u2019histoire de ce nouvel acteur sur la sc\u00e8ne du whisky fran\u00e7ais. Statut En production Localisation Jans, Loire-Atlantique (France) Volume de Production Objectif : environ 10\u2026","rel":"","context":"Article similaire","img":{"alt_text":"","src":"https:\/\/i0.wp.com\/whisky-francais.com\/wp-content\/uploads\/2022\/07\/brasserie-san-roce-jans-whisky-francais-mac-roce.png?resize=350%2C200&ssl=1","width":350,"height":200},"classes":[]},{"id":56,"url":"https:\/\/whisky-francais.com\/index.php\/distilleries\/","url_meta":{"origin":968,"position":1},"title":"Producteurs \/ Distilleries","date":"11 f\u00e9vrier 2017","format":false,"excerpt":"Auvergne-Rh\u00f4ne-Alpes Distillerie du Drac Distillerie des Bughes Distillerie du Vercors Domaine des Hautes Glaces Distillerie des Hautes Terres AlpSpirits (ferm\u00e9e) Monsieur Balthazar Mont Blanc Ninkasi O\u2019Baptiste (Ne produit plus de whisky) Bourgogne-Franche-Comt\u00e9 Br\u00fblerie du Revermont Michel Couvreur Rouget de Lisle Bretagne La Bambelle Distillerie des Menhirs Distillerie FDC (Bale Bro)\u2026","rel":"","context":"Article similaire","img":{"alt_text":"","src":"","width":0,"height":0},"classes":[]},{"id":1532,"url":"https:\/\/whisky-francais.com\/index.php\/distilleries\/brasserie-saint-germain-page-24\/","url_meta":{"origin":968,"position":2},"title":"TOS &#8211; Brasserie Saint Germain (Page 24)","date":"29 mai 2017","format":false,"excerpt":"Mise \u00e0 jour le 27\/01\/2021 Situ\u00e9e \u00e0 Aix-Noulette, dans le Pas-de-Calais, la Brasserie Saint Germain se lance dans la fabrication de whisky cette ann\u00e9e (2017) ! Nul doute que son savoir-faire brassicole et sa volont\u00e9 de mise en valeur des fili\u00e8res locales (100% des mati\u00e8res premi\u00e8res sont d\u2019origine locale) sauront\u2026","rel":"","context":"Article similaire","img":{"alt_text":"","src":"https:\/\/i0.wp.com\/whisky-francais.com\/wp-content\/uploads\/2021\/03\/page-24-whisky-francais-distillerie-tos-scaled.jpg?resize=350%2C200&ssl=1","width":350,"height":200},"classes":[]},{"id":3935,"url":"https:\/\/whisky-francais.com\/index.php\/distilleries\/la-mine-dor\/","url_meta":{"origin":968,"position":3},"title":"La Mine d&rsquo;Or","date":"13 d\u00e9cembre 2018","format":false,"excerpt":"Cr\u00e9\u00e9e en 2016 par St\u00e9phane Kerdod\u00e9, la distillerie de La Mine d\u2019Or s\u2019appuie sur le savoir-faire et l\u2019exp\u00e9rience de la brasserie Lancelot dans la confection de son whisky. C\u2019est \u00e0 travers cette activit\u00e9 que la distillerie redonne vie \u00e0 un site o\u00f9 s\u2019activaient jadis des centaines de mineurs en qu\u00eate\u2026","rel":"","context":"Article similaire","img":{"alt_text":"","src":"https:\/\/i0.wp.com\/whisky-francais.com\/wp-content\/uploads\/2018\/12\/LMD1-min.jpg?resize=350%2C200","width":350,"height":200},"classes":[]},{"id":3427,"url":"https:\/\/whisky-francais.com\/index.php\/distilleries\/la-fabrique-des-bieres-danjou\/","url_meta":{"origin":968,"position":4},"title":"LA FABRIQUE DES BI\u00c8RES D&rsquo;ANJOU dite LA PIAUTRE","date":"22 f\u00e9vrier 2018","format":false,"excerpt":"La Fabrique des Bi\u00e8res d'Anjou aussi connue sous le nom de La Piautre, est une brasserie-malterie-distillerie fran\u00e7aise nich\u00e9e sur les bords de la Loire. Fier de son territoire et des ressources qui en d\u00e9coulent, Vincent Leli\u00e8vre montre une vive volont\u00e9 de ne travailler qu'avec des produits de la r\u00e9gion. \u00ab\u00a0Nous\u2026","rel":"","context":"Article similaire","img":{"alt_text":"Fabrique des Bi\u00e8res d'Anjou, brasserie, malterie, distillerie, la Gare, Loire, Vincent Leli\u00e8vre, Gilles Boudier, Yann Leroux, agriculture biologique, Single Malt, Single Malt Tourb\u00e9, Rye, orge, seigle, grand \u00e9peautre, alambic, chenin, C\u00f4teaux de l'Aubance, C\u00f4teaux du layon, whisky Fran\u00e7ais, French Whisky, malt, Matthieu Acar, Xavier Brevet, d\u00e9gustation, whisky, masterclass, acad\u00e9mie, Paris, atelier, d\u00e9gustation, whisky","src":"https:\/\/i0.wp.com\/whisky-francais.com\/wp-content\/uploads\/2018\/02\/05-Logos-La-Piautre.jpg?resize=350%2C200&ssl=1","width":350,"height":200},"classes":[]},{"id":1280,"url":"https:\/\/whisky-francais.com\/index.php\/distilleries\/mandrin-brasserie-du-dauphine\/","url_meta":{"origin":968,"position":5},"title":"AlpSpirits (ferm\u00e9e)","date":"22 mai 2017","format":false,"excerpt":"Situ\u00e9e \u00e0 Saint-Martin-d'H\u00e8res, dans le d\u00e9partement de l'Is\u00e8re (r\u00e9gion Auvergne Rh\u00f4ne-Alpes), la brasserie du Dauphin\u00e9 nous propose deux whiskies Alpins dont un inspir\u00e9 de la l\u00e9gende de Mandrin! En effet, ce whisky tient son nom de Louis Mandrin, c\u00e9l\u00e8bre contrebandier du XVIII\u00e8me si\u00e8cle qui s'\u00e9tait rebell\u00e9 contre les taxes prohibitives\u2026","rel":"","context":"Article similaire","img":{"alt_text":"France, Mandrin, L'Esprit de Mandrin, Brasserie du Dauphin\u00e9, Saint-Martin-d'H\u00e8res, Is\u00e8re, Vincent Gachet, Rivesaltes, whisky fran\u00e7ais, France, French whisky, Matthieu Acar, Xavier Brevet, d\u00e9gustation, whisky, masterclass, Paris, atelier, d\u00e9gustation, whisky","src":"https:\/\/i0.wp.com\/whisky-francais.com\/wp-content\/uploads\/2017\/05\/MANDRIN.jpg?resize=350%2C200&ssl=1","width":350,"height":200},"classes":[]}],"_links":{"self":[{"href":"https:\/\/whisky-francais.com\/index.php\/wp-json\/wp\/v2\/pages\/968"}],"collection":[{"href":"https:\/\/whisky-francais.com\/index.php\/wp-json\/wp\/v2\/pages"}],"about":[{"href":"https:\/\/whisky-francais.com\/index.php\/wp-json\/wp\/v2\/types\/page"}],"author":[{"embeddable":true,"href":"https:\/\/whisky-francais.com\/index.php\/wp-json\/wp\/v2\/users\/2"}],"replies":[{"embeddable":true,"href":"https:\/\/whisky-francais.com\/index.php\/wp-json\/wp\/v2\/comments?post=968"}],"version-history":[{"count":19,"href":"https:\/\/whisky-francais.com\/index.php\/wp-json\/wp\/v2\/pages\/968\/revisions"}],"predecessor-version":[{"id":7931,"href":"https:\/\/whisky-francais.com\/index.php\/wp-json\/wp\/v2\/pages\/968\/revisions\/7931"}],"up":[{"embeddable":true,"href":"https:\/\/whisky-francais.com\/index.php\/wp-json\/wp\/v2\/pages\/56"}],"wp:featuredmedia":[{"embeddable":true,"href":"https:\/\/whisky-francais.com\/index.php\/wp-json\/wp\/v2\/media\/4363"}],"wp:attachment":[{"href":"https:\/\/whisky-francais.com\/index.php\/wp-json\/wp\/v2\/media?parent=968"}],"curies":[{"name":"wp","href":"https:\/\/api.w.org\/{rel}","templated":true}]}}