{"id":971,"date":"2017-04-23T17:51:19","date_gmt":"2017-04-23T15:51:19","guid":{"rendered":"http:\/\/whisky-francais.com\/?page_id=971"},"modified":"2023-08-20T21:08:58","modified_gmt":"2023-08-20T19:08:58","slug":"bercloux","status":"publish","type":"page","link":"https:\/\/whisky-francais.com\/index.php\/distilleries\/bercloux\/","title":{"rendered":"Bercloux"},"content":{"rendered":"<table>\n<tbody>\n<tr>\n<td>Statut<\/td>\n<td><\/td>\n<\/tr>\n<tr>\n<td>Localisation<\/td>\n<td>16 Rue de la Mairie, 17770 Bercloux<br \/>\n0\u00b028&rsquo;13 &gt;&gt; O \/ 45\u00b050&rsquo;5 &gt;&gt; N<\/td>\n<\/tr>\n<tr>\n<td>Volume de Production<\/td>\n<td><\/td>\n<\/tr>\n<tr>\n<td>Dates Cl\u00e9s<\/td>\n<td>Ann\u00e9es 1990 : Philippe Laclie et amis ach\u00e8tent des kits de brassage et cr\u00e9\u00e9s une association pour promouvoir la bi\u00e8re dans la r\u00e9gion. Le mouvement craft en est \u00e0 ses balbutiements et la bi\u00e8re reste l&rsquo;affaire de grand monopoles.<\/p>\n<p>2000 : Apr\u00e8s un stage dans une brasserie en Irlande Philippe rentre en France pour reprendre l&rsquo;exploitation familiale : 50 hectares de terre, dont 30 de vignes et un alambic pour la production de cognac.<\/p>\n<p>2002 : Cr\u00e9ation d&rsquo;une brasserie secondaire pour d\u00e9velopper la bi\u00e8re artisanale.<\/p>\n<p>2008 : L&rsquo;id\u00e9e de produire du whisky emerge mais le BNIC refuse la demande de Philippe d&rsquo;utiliser son Alambic cogna\u00e7ais pour whisky.<br \/>\nPhilippe lance tout de m\u00eame un premier Whisky Bercloux : Du whisky Ecossais affin\u00e9 en fut de pineau des charentes.<\/p>\n<p>2011: nouveaux investissements mat\u00e9riels (cuves de fermentation)<\/p>\n<p>2014 : Rencontre avec Jean-Louis Stupfler, Phillipe passe commande d&rsquo;un Alambic.<\/p>\n<p>2016: lancement du\u00a0Spirit Drink Single Malt Tourb\u00e9 et du\u00a0Single Malt ACF 5<\/p>\n<p>2018 : Lancement du whisky Bercloux, cette fois-ci il s&rsquo;agit bien d&rsquo;un whisky 100% Fran\u00e7ais.<\/p>\n<p>2019 : Approch\u00e9 par \u00ab\u00a0Les Bienheureux\u00a0\u00bb Philippe revend la distillerie tout en restant directeur de la production.\u00a0 \u00a0L&rsquo;apport financier permet un d\u00e9veloppement important de la distillerie qui s&rsquo;\u00e9quipe de plusieurs alambic charentais.<\/p>\n<p>2022 : Le whisky Bercloux renait sous la houlette des Bienheureux.<\/p>\n<p><figure id=\"attachment_6874\" aria-describedby=\"caption-attachment-6874\" style=\"width: 612px\" class=\"wp-caption alignleft\"><img loading=\"lazy\" decoding=\"async\" data-attachment-id=\"6874\" data-permalink=\"https:\/\/whisky-francais.com\/index.php\/distilleries\/bercloux\/single-malt-bercloux-evolution\/\" data-orig-file=\"https:\/\/whisky-francais.com\/wp-content\/uploads\/2023\/08\/single-malt-bercloux-evolution.jpg\" data-orig-size=\"970,548\" data-comments-opened=\"0\" data-image-meta=\"{&quot;aperture&quot;:&quot;8&quot;,&quot;credit&quot;:&quot;NICOLAS-LEROY&quot;,&quot;camera&quot;:&quot;PENTAX K-5&quot;,&quot;caption&quot;:&quot;&quot;,&quot;created_timestamp&quot;:&quot;1453813468&quot;,&quot;copyright&quot;:&quot;NLCreations.fr&quot;,&quot;focal_length&quot;:&quot;50&quot;,&quot;iso&quot;:&quot;200&quot;,&quot;shutter_speed&quot;:&quot;0.016666666666667&quot;,&quot;title&quot;:&quot;&quot;,&quot;orientation&quot;:&quot;1&quot;}\" data-image-title=\"single malt bercloux evolution\" data-image-description=\"\" data-image-caption=\"\" data-medium-file=\"https:\/\/whisky-francais.com\/wp-content\/uploads\/2023\/08\/single-malt-bercloux-evolution-300x169.jpg\" data-large-file=\"https:\/\/whisky-francais.com\/wp-content\/uploads\/2023\/08\/single-malt-bercloux-evolution.jpg\" class=\"wp-image-6874 \" src=\"https:\/\/whisky-francais.com\/wp-content\/uploads\/2023\/08\/single-malt-bercloux-evolution.jpg\" alt=\"L'\u00e9volution du whisky Bercloux. A gauche, la version de 2008 puis \u00e0 droite, la version des Bienheureux\" width=\"612\" height=\"346\" srcset=\"https:\/\/whisky-francais.com\/wp-content\/uploads\/2023\/08\/single-malt-bercloux-evolution.jpg 970w, https:\/\/whisky-francais.com\/wp-content\/uploads\/2023\/08\/single-malt-bercloux-evolution-300x169.jpg 300w, https:\/\/whisky-francais.com\/wp-content\/uploads\/2023\/08\/single-malt-bercloux-evolution-768x434.jpg 768w\" sizes=\"(max-width: 612px) 100vw, 612px\" \/><figcaption id=\"caption-attachment-6874\" class=\"wp-caption-text\"><em>L&rsquo;\u00e9volution du whisky Bercloux. A gauche, la version de 2008 puis \u00e0 droite, la version des Bienheureux.<\/em><\/figcaption><\/figure><\/td>\n<\/tr>\n<tr>\n<td>Personnages Cl\u00e9s<\/td>\n<td><\/td>\n<\/tr>\n<tr>\n<td>Gamme<\/td>\n<td>Aujourd&rsquo;hui, un seul whisky porte le nom de la distillerie, m\u00eame si cette derni\u00e8re fournit du whisky pour d&rsquo;autres marques du groupe Les Bienheureux comme Beauchamp ou Lefort.Whisky Bercloux : NAS \u00e9lev\u00e9 en f\u00fbt de ch\u00eane neuf, fut de cognac et affin\u00e9 en Pineau des Charentes.<\/td>\n<\/tr>\n<tr>\n<td>Eau<\/td>\n<td><\/td>\n<\/tr>\n<tr>\n<td>C\u00e9r\u00e9ales<\/td>\n<td>Utilisation d&rsquo;orge biologique (Laur\u00e9ate, RGT Planet) de terres de Philippe et d&rsquo;agriculteurs locaux.<\/p>\n<p>Orge tourb\u00e9 en provenance de la Malterie du Chateau.<\/td>\n<\/tr>\n<tr>\n<td>Alambics<\/td>\n<td>Stupfler, alambic \u00e0 colonneAlambics charentais de 1974, chauffe \u00e0 flamme nue<\/td>\n<\/tr>\n<tr>\n<td>Distillation<\/td>\n<td>Distillation de deux fa\u00e7ons : l\u00e9g\u00e8re et fruit\u00e9e avec alambic Stupfler, double distillation en alambics charentais pour distillats plus denses<\/td>\n<\/tr>\n<tr>\n<td>Type de chai<\/td>\n<td><\/td>\n<\/tr>\n<tr>\n<td>F\u00fbt(s)<\/td>\n<td>Vieillissement avec une large diversit\u00e9 de barriques : cognac, bourbon, sherry, pineau des Charentes<\/td>\n<\/tr>\n<tr>\n<td>Donn\u00e9es Territoriales<\/td>\n<td>Climat: Oc\u00e9anique d\u00e9grad\u00e9<\/p>\n<p>Altitude: 45m<\/td>\n<\/tr>\n<tr>\n<td>Notes<\/td>\n<td><\/td>\n<\/tr>\n<tr>\n<td>Site Web<\/td>\n<td><a href=\"https:\/\/distillerie-bercloux.fr\/\" target=\"blank\" rel=\"noopener\"><span style=\"color: #303030;\">https:\/\/distillerie-bercloux.fr\/<\/span><\/a><\/td>\n<\/tr>\n<\/tbody>\n<\/table>\n","protected":false},"excerpt":{"rendered":"<p>Statut Localisation 16 Rue de la Mairie, 17770 Bercloux 0\u00b028&rsquo;13 &gt;&gt; O \/ 45\u00b050&rsquo;5 &gt;&gt; N Volume de Production Dates<\/p>\n","protected":false},"author":2,"featured_media":994,"parent":56,"menu_order":0,"comment_status":"closed","ping_status":"closed","template":"","meta":{"jetpack_post_was_ever_published":false,"footnotes":""},"class_list":["post-971","page","type-page","status-publish","has-post-thumbnail","hentry"],"jetpack_sharing_enabled":true,"jetpack_shortlink":"https:\/\/wp.me\/P8oZPa-fF","jetpack-related-posts":[{"id":7320,"url":"https:\/\/whisky-francais.com\/index.php\/brasserie-guyanaise\/","url_meta":{"origin":971,"position":0},"title":"Brasserie Guyanaise","date":"24 juin 2024","format":false,"excerpt":"La brasserie Guyanaise \u00e0 r\u00e9cemment lanc\u00e9 une campagne de financement participatif afin de se lancer dans la production de whisky ! Un projet in\u00e9dit qui trouve son origine il y a plus de 10 ans. Statut En campagne de financement participatif =>\u00a0 https:\/\/miimosa.com\/projects\/l-ile-du-diable-le-whisky-de-guyane Localisation 1749 Chemin de l'\u00c9gyptienne, Matoury 97351,\u2026","rel":"","context":"Article similaire","img":{"alt_text":"","src":"https:\/\/i0.wp.com\/whisky-francais.com\/wp-content\/uploads\/2024\/06\/boutiquefermee-whisky-de-guyane-francais.jpeg?resize=350%2C200&ssl=1","width":350,"height":200},"classes":[]},{"id":4470,"url":"https:\/\/whisky-francais.com\/index.php\/distilleries\/alfred-giraud\/","url_meta":{"origin":971,"position":1},"title":"Alfred Giraud","date":"12 juillet 2019","format":false,"excerpt":"Issues du savoir-faire cogna\u00e7ais, les cuv\u00e9es HARMONIE et HERITAGE d\u2019Alfred GIRAUD\u00a0sont issus d'une\u00a0histoire familiale de plus d\u2019un si\u00e8cle ! Statut En production. En 2019, la production totale est de 7000 bouteilles (5000 de \"HERITAGE\" et 2000 de \"HARMONIE\"). Une part des whiskies repose sur des f\u00fbts d'exception (cognac de 30,\u2026","rel":"","context":"Article similaire","img":{"alt_text":"","src":"https:\/\/i0.wp.com\/whisky-francais.com\/wp-content\/uploads\/2019\/07\/Family-Maison-GIRAUD-2.jpg?resize=350%2C200&ssl=1","width":350,"height":200},"classes":[]},{"id":137,"url":"https:\/\/whisky-francais.com\/index.php\/distilleries\/rouget-de-lisle\/","url_meta":{"origin":971,"position":2},"title":"Rouget de Lisle","date":"17 f\u00e9vrier 2017","format":false,"excerpt":"Bi\u00e8rophile depuis toujours et autodidacte par essence, Bruno Mangin \u2013 ex chef cuisinier & fondateur de la brasserie Rouget de Lisle \u2013 se lance dans la fabrication de whisky au cours des ann\u00e9es 2000. Sa volont\u00e9\u00a0? \u00ab\u00a0Fabriquer un whisky qui soit le reflet du terroir Jurassien\u00a0\u00bb. Statut Produit et Commercialise\u2026","rel":"","context":"Article similaire","img":{"alt_text":"","src":"https:\/\/i0.wp.com\/whisky-francais.com\/wp-content\/uploads\/2017\/02\/HOLSTEINRDL-811x1024.jpeg?resize=350%2C200","width":350,"height":200},"classes":[]},{"id":3954,"url":"https:\/\/whisky-francais.com\/index.php\/distilleries\/distillerie-du-mont-blanc\/","url_meta":{"origin":971,"position":3},"title":"Distillerie du Mont Blanc","date":"14 d\u00e9cembre 2018","format":false,"excerpt":"C\u2019est au c\u0153ur des Alpes, \u00e0 La Motte-Servolex, qu'en 1999, Sylvain Chiron fera renaitre la brasserie du Mont Blanc, fleuron brassicole qui officia de 1830 avant de cesser toutes activit\u00e9s en 1966. D\u00e8s le d\u00e9part, la dimension distillerie est int\u00e9gr\u00e9e au projet mais il faudra attendre plus de 15 ans\u2026","rel":"","context":"Article similaire","img":{"alt_text":"Distillerie du Mont Blanc, Sylvain Chiron, La Motte-Servolex, Les Houches, Enchapleuze, Orge, Stupfler, Dolin, whisky Fran\u00e7ais, French whisky, France, Lilya Sekkal, Matthieu Acar, Xavier Brevet, d\u00e9gustation, masterclass, atelier","src":"https:\/\/i0.wp.com\/whisky-francais.com\/wp-content\/uploads\/2018\/12\/LOGO-DISTILLERIE-DU-MONT-BLANC-DIEU-au-trait-NEW.png?resize=350%2C200&ssl=1","width":350,"height":200},"classes":[]},{"id":7093,"url":"https:\/\/whisky-francais.com\/index.php\/terre-de-biere\/","url_meta":{"origin":971,"position":4},"title":"Terre de Bi\u00e8re","date":"16 janvier 2024","format":false,"excerpt":"Derni\u00e8re mise \u00e0 jour en Janvier 2024 C\u2019est en 2008, qu\u2019apr\u00e8s avoir \u00e9t\u00e9 salari\u00e9 dans diverses brasseries Florent Langloy, a l\u2019opportunit\u00e9 de monter sa brasserie.\u00a0 Le\u00a08\u00a0mai, Florent installe sa brasserie au 218\u00a0rue de l\u2019\u00c9cossais \u00e0 Limas en plein c\u0153ur du Beaujolais.\u00a0 Apr\u00e8s consultation d\u2019un \u00e9chantillon de consommateur essentiellement compos\u00e9 d\u2019amis,\u2026","rel":"","context":"Article similaire","img":{"alt_text":"terre de bi\u00e8res whisky fran\u00e7ais octain","src":"https:\/\/i0.wp.com\/whisky-francais.com\/wp-content\/uploads\/2024\/01\/31bc6f_e1504ee740c64e008f2cbe833cd66523mv2.png?resize=350%2C200&ssl=1","width":350,"height":200},"classes":[]},{"id":3935,"url":"https:\/\/whisky-francais.com\/index.php\/distilleries\/la-mine-dor\/","url_meta":{"origin":971,"position":5},"title":"La Mine d&rsquo;Or","date":"13 d\u00e9cembre 2018","format":false,"excerpt":"Cr\u00e9\u00e9e en 2016 par St\u00e9phane Kerdod\u00e9, la distillerie de La Mine d\u2019Or s\u2019appuie sur le savoir-faire et l\u2019exp\u00e9rience de la brasserie Lancelot dans la confection de son whisky. C\u2019est \u00e0 travers cette activit\u00e9 que la distillerie redonne vie \u00e0 un site o\u00f9 s\u2019activaient jadis des centaines de mineurs en qu\u00eate\u2026","rel":"","context":"Article similaire","img":{"alt_text":"","src":"https:\/\/i0.wp.com\/whisky-francais.com\/wp-content\/uploads\/2018\/12\/LMD1-min.jpg?resize=350%2C200","width":350,"height":200},"classes":[]}],"_links":{"self":[{"href":"https:\/\/whisky-francais.com\/index.php\/wp-json\/wp\/v2\/pages\/971"}],"collection":[{"href":"https:\/\/whisky-francais.com\/index.php\/wp-json\/wp\/v2\/pages"}],"about":[{"href":"https:\/\/whisky-francais.com\/index.php\/wp-json\/wp\/v2\/types\/page"}],"author":[{"embeddable":true,"href":"https:\/\/whisky-francais.com\/index.php\/wp-json\/wp\/v2\/users\/2"}],"replies":[{"embeddable":true,"href":"https:\/\/whisky-francais.com\/index.php\/wp-json\/wp\/v2\/comments?post=971"}],"version-history":[{"count":19,"href":"https:\/\/whisky-francais.com\/index.php\/wp-json\/wp\/v2\/pages\/971\/revisions"}],"predecessor-version":[{"id":6886,"href":"https:\/\/whisky-francais.com\/index.php\/wp-json\/wp\/v2\/pages\/971\/revisions\/6886"}],"up":[{"embeddable":true,"href":"https:\/\/whisky-francais.com\/index.php\/wp-json\/wp\/v2\/pages\/56"}],"wp:featuredmedia":[{"embeddable":true,"href":"https:\/\/whisky-francais.com\/index.php\/wp-json\/wp\/v2\/media\/994"}],"wp:attachment":[{"href":"https:\/\/whisky-francais.com\/index.php\/wp-json\/wp\/v2\/media?parent=971"}],"curies":[{"name":"wp","href":"https:\/\/api.w.org\/{rel}","templated":true}]}}