{"id":987,"date":"2017-04-24T11:49:02","date_gmt":"2017-04-24T09:49:02","guid":{"rendered":"http:\/\/whisky-francais.com\/?page_id=987"},"modified":"2019-02-05T20:56:40","modified_gmt":"2019-02-05T19:56:40","slug":"distillerie-du-castor","status":"publish","type":"page","link":"https:\/\/whisky-francais.com\/index.php\/distilleries\/distillerie-du-castor\/","title":{"rendered":"Distillerie Artisanale du Castor"},"content":{"rendered":"<p>Le whisky St Patrick est un single malt artisanal de Moselle.<\/p>\n<table class=\" aligncenter\">\n<tbody>\n<tr style=\"height: 48px;\">\n<td style=\"width: 191px; height: 48px;\">Statut<\/td>\n<td style=\"width: 787px; height: 48px;\">Produit et Commercialise son propre whisky<\/td>\n<\/tr>\n<tr style=\"height: 48px;\">\n<td style=\"width: 191px; height: 48px;\">Localisation<\/td>\n<td style=\"width: 787px; height: 48px;\">\ud83d\udceb Distillerie Artisanale du Castor, Avenue de la Vall\u00e9e, 57870 Troisfontaines, France.<\/td>\n<\/tr>\n<tr style=\"height: 48px;\">\n<td style=\"width: 191px; height: 48px;\">Volume de Production<\/td>\n<td style=\"width: 787px; height: 48px;\"><\/td>\n<\/tr>\n<tr style=\"height: 24px;\">\n<td style=\"width: 191px; height: 24px;\">Dates Cl\u00e9s<\/td>\n<td style=\"width: 787px; height: 24px;\"><strong>2012<\/strong> : D\u00e9but de la production de whisky.<\/td>\n<\/tr>\n<tr style=\"height: 24px;\">\n<td style=\"width: 191px; height: 24px;\">Personnages Cl\u00e9s<\/td>\n<td style=\"width: 787px; height: 24px;\"><strong>Patrick Bertin<\/strong> : directeur<\/td>\n<\/tr>\n<tr style=\"height: 24px;\">\n<td style=\"width: 191px; height: 24px;\">Gamme<\/td>\n<td style=\"width: 787px; height: 24px;\">\ud83e\udd43 <strong>Whisky St Patrick<\/strong>, 42% , vieilli 5 ans en f\u00fbt de Pedro Ximenez.<\/td>\n<\/tr>\n<tr style=\"height: 24px;\">\n<td style=\"width: 191px; height: 24px;\">Eau<\/td>\n<td style=\"width: 787px; height: 24px;\">Eau de source<\/td>\n<\/tr>\n<tr style=\"height: 24px;\">\n<td style=\"width: 191px; height: 24px;\">C\u00e9r\u00e9ale(s)<\/td>\n<td style=\"width: 787px; height: 24px;\">\ud83c\udf3e <strong>Orge<\/strong> malt\u00e9e<\/td>\n<\/tr>\n<tr style=\"height: 24px;\">\n<td style=\"width: 191px; height: 24px;\">Fermentation\/Levures<\/td>\n<td style=\"width: 787px; height: 24px;\"><\/td>\n<\/tr>\n<tr style=\"height: 24px;\">\n<td style=\"width: 191px; height: 24px;\">Alambics<\/td>\n<td style=\"width: 787px; height: 24px;\">Alambics \u00e0 colonne de rectification.<\/td>\n<\/tr>\n<tr style=\"height: 24px;\">\n<td style=\"width: 191px; height: 24px;\">Distillation<\/td>\n<td style=\"width: 787px; height: 24px;\">Chauffe au gaz.<\/td>\n<\/tr>\n<tr style=\"height: 24px;\">\n<td style=\"width: 191px; height: 24px;\">Type de chai<\/td>\n<td style=\"width: 787px; height: 24px;\"><\/td>\n<\/tr>\n<tr style=\"height: 24px;\">\n<td style=\"width: 191px; height: 24px;\">F\u00fbt(s)<\/td>\n<td style=\"width: 787px; height: 24px;\">\ud83c\udf47 F\u00fbts\u00a0de X\u00e9res (Pedro Ximenez)<\/td>\n<\/tr>\n<tr style=\"height: 24px;\">\n<td style=\"width: 191px; height: 24px;\">Donn\u00e9es Territoriales<\/td>\n<td style=\"width: 787px; height: 24px;\"><strong>Climat<\/strong> : continental humide sans saison s\u00e8che.<\/p>\n<p>\ud83c\udf21 <strong>Temp\u00e9rature moyenne<\/strong> : 8.8\u00b0C<\/p>\n<p>\u2614\ufe0f <strong>Pr\u00e9cipitations moyennes<\/strong> : 782.5 mm<\/td>\n<\/tr>\n<tr style=\"height: 24px;\">\n<td style=\"width: 191px; height: 24px;\">Notes<\/td>\n<td style=\"width: 787px; height: 24px;\"><\/td>\n<\/tr>\n<tr style=\"height: 24px;\">\n<td style=\"width: 191px; height: 24px;\">Site Web<\/td>\n<td style=\"width: 787px; height: 24px;\"><a href=\"http:\/\/www.distillerie-du-castor.com\/\">http:\/\/www.distillerie-du-castor.com\/<\/a><\/td>\n<\/tr>\n<\/tbody>\n<\/table>\n","protected":false},"excerpt":{"rendered":"<p>Le whisky St Patrick est un single malt artisanal de Moselle. Statut Produit et Commercialise son propre whisky Localisation \ud83d\udceb<\/p>\n","protected":false},"author":1,"featured_media":0,"parent":56,"menu_order":0,"comment_status":"closed","ping_status":"closed","template":"","meta":{"jetpack_post_was_ever_published":false,"footnotes":""},"class_list":["post-987","page","type-page","status-publish","hentry"],"jetpack_sharing_enabled":true,"jetpack_shortlink":"https:\/\/wp.me\/P8oZPa-fV","jetpack-related-posts":[{"id":56,"url":"https:\/\/whisky-francais.com\/index.php\/distilleries\/","url_meta":{"origin":987,"position":0},"title":"Producteurs \/ Distilleries","date":"11 f\u00e9vrier 2017","format":false,"excerpt":"Auvergne-Rh\u00f4ne-Alpes Distillerie du Drac Distillerie des Bughes Distillerie du Vercors Domaine des Hautes Glaces Distillerie des Hautes Terres AlpSpirits (ferm\u00e9e) Monsieur Balthazar Mont Blanc Ninkasi O\u2019Baptiste (Ne produit plus de whisky) Bourgogne-Franche-Comt\u00e9 Br\u00fblerie du Revermont Michel Couvreur Rouget de Lisle Bretagne La Bambelle Distillerie des Menhirs Distillerie FDC (Bale Bro)\u2026","rel":"","context":"Article similaire","img":{"alt_text":"","src":"","width":0,"height":0},"classes":[]},{"id":6180,"url":"https:\/\/whisky-francais.com\/index.php\/distillerie-artisanale-jm-leisen\/","url_meta":{"origin":987,"position":1},"title":"Distillerie Artisanale JM LEISEN","date":"7 novembre 2021","format":false,"excerpt":"C\u2019est \u00e0 Malling, une petite commune fran\u00e7aise de 623 habitants situ\u00e9e dans le d\u00e9partement de la Moselle, que la distillerie LEISEN produit un whisky depuis 2012. Troisi\u00e8me et plus petite distillerie de whisky en Lorraine, la famille LEISEN a fait le choix de produire un whisky qui soit le reflet\u2026","rel":"","context":"Article similaire","img":{"alt_text":"","src":"","width":0,"height":0},"classes":[]},{"id":116,"url":"https:\/\/whisky-francais.com\/index.php\/distilleries\/distillerie-bertrand\/","url_meta":{"origin":987,"position":2},"title":"Distillerie Artisanale Bertrand","date":"17 f\u00e9vrier 2017","format":false,"excerpt":"H\u00e9riti\u00e8re d'une longue tradition familiale dans la fabrication d'eaux-de-vie (depuis 1874 avec Joseph Bertrand), la Distillerie Artisanale Bertrand produit son whisky depuis 2003. Elle est \u00e0 l'\u00e9poque la premi\u00e8re distillerie \u00e0 produire du whisky \u00e0 Uberach (signifiant \"au del\u00e0 de l\u2019eau\"), dont elle donnera le nom \u00e0 sa gamme. Il\u2026","rel":"","context":"Article similaire","img":{"alt_text":"","src":"https:\/\/i0.wp.com\/whisky-francais.com\/wp-content\/uploads\/2017\/02\/UBERACH-LOGO.jpeg?resize=350%2C200","width":350,"height":200},"classes":[]},{"id":7500,"url":"https:\/\/whisky-francais.com\/index.php\/brasserie-artisanale-des-2-caps-christophe-noyon-brasseur\/","url_meta":{"origin":987,"position":3},"title":"Brasserie Artisanale des 2 Caps\u00a0 &#8211; Christophe noyon Brasseur","date":"14 septembre 2024","format":false,"excerpt":"\u00a0 Statut En production Localisation \u00a0 Volume de Production Environ 3000 bouteilles par an. Dates Cl\u00e9s 1946 : Le Grand-p\u00e8re de Christophe Noyon, Michel Noyon, monte une distillerie d\u2019alcool de Betterave au c\u0153ur de sa propri\u00e9t\u00e9, le Domaine de Warcove, situ\u00e9e sur la C\u00f4te d\u2019Opale. Le mat\u00e9riel avait \u00e9t\u00e9 achet\u00e9\u2026","rel":"","context":"Article similaire","img":{"alt_text":"","src":"https:\/\/i0.wp.com\/whisky-francais.com\/wp-content\/uploads\/2024\/09\/tableau-2caps-scaled-warcove-whisky-francais.jpg?resize=350%2C200&ssl=1","width":350,"height":200},"classes":[]},{"id":5193,"url":"https:\/\/whisky-francais.com\/index.php\/distilleries\/nusbaumer\/","url_meta":{"origin":987,"position":4},"title":"Nusbaumer (en projet)","date":"13 avril 2020","format":false,"excerpt":"Distillerie artisanale ind\u00e9pendante d\u00e9sormais Entreprise du Patrimoine Vivant, Nusbaumer s\u2019est distingu\u00e9e sur la sc\u00e8ne whisky en signant un partenariat in\u00e9dit avec Gilbert Holl.\u00a0 Statut : En cours de productionLocalisation : 23 Grand Rue 67220 Steige Dates Cl\u00e9s : 1947 - cr\u00e9ation de la distillerie Nusbaumer Avril 2018 - Reprise de\u2026","rel":"","context":"Article similaire","img":{"alt_text":"","src":"","width":0,"height":0},"classes":[]},{"id":6842,"url":"https:\/\/whisky-francais.com\/index.php\/distillerie-la-salamandre\/","url_meta":{"origin":987,"position":5},"title":"Distillerie la Salamandre","date":"9 septembre 2023","format":false,"excerpt":"Situ\u00e9 au c\u0153ur du P\u00e9rigord noir, la distillerie de la Salamandre tire son nom de l'embl\u00e8me de la ville de Sarlat-la-Can\u00e9da ou elle est install\u00e9e. D'abord r\u00e9put\u00e9 pour ses eaux de vie de fruits, la distillerie utilise d\u00e9sormais ses deux alambics \u00e0 vases pour produire un whisky qui est le\u2026","rel":"","context":"Article similaire","img":{"alt_text":"","src":"https:\/\/i0.wp.com\/whisky-francais.com\/wp-content\/uploads\/2023\/09\/distillerie-de-la-salamandre-whisky-francais-batiment.jpg?resize=350%2C200&ssl=1","width":350,"height":200},"classes":[]}],"_links":{"self":[{"href":"https:\/\/whisky-francais.com\/index.php\/wp-json\/wp\/v2\/pages\/987"}],"collection":[{"href":"https:\/\/whisky-francais.com\/index.php\/wp-json\/wp\/v2\/pages"}],"about":[{"href":"https:\/\/whisky-francais.com\/index.php\/wp-json\/wp\/v2\/types\/page"}],"author":[{"embeddable":true,"href":"https:\/\/whisky-francais.com\/index.php\/wp-json\/wp\/v2\/users\/1"}],"replies":[{"embeddable":true,"href":"https:\/\/whisky-francais.com\/index.php\/wp-json\/wp\/v2\/comments?post=987"}],"version-history":[{"count":6,"href":"https:\/\/whisky-francais.com\/index.php\/wp-json\/wp\/v2\/pages\/987\/revisions"}],"predecessor-version":[{"id":4135,"href":"https:\/\/whisky-francais.com\/index.php\/wp-json\/wp\/v2\/pages\/987\/revisions\/4135"}],"up":[{"embeddable":true,"href":"https:\/\/whisky-francais.com\/index.php\/wp-json\/wp\/v2\/pages\/56"}],"wp:attachment":[{"href":"https:\/\/whisky-francais.com\/index.php\/wp-json\/wp\/v2\/media?parent=987"}],"curies":[{"name":"wp","href":"https:\/\/api.w.org\/{rel}","templated":true}]}}